{"id":10752,"date":"2022-08-26T06:42:26","date_gmt":"2022-08-26T06:42:26","guid":{"rendered":"https:\/\/swistec.ch\/?page_id=10752"},"modified":"2022-08-26T06:42:26","modified_gmt":"2022-08-26T06:42:26","slug":"dienstleistungen-2","status":"publish","type":"page","link":"https:\/\/swistec.ch\/fr\/dienstleistungen-2\/","title":{"rendered":"Prestations"},"content":{"rendered":"<section class=\"wpb-content-wrapper\"><p>[vc_row][vc_column css=\u00a0\u00bb.vc_custom_1464177137871{margin-bottom: 27px !important;}\u00a0\u00bb][vc_custom_heading text=\u00a0\u00bbChez Swistec Systems AG, votre projet de t\u00e9l\u00e9commande centralis\u00e9e est<br \/>\ndans de bonnes mains \u2013 nous trouvons la meilleure solution.\u00a0\u00bb font_container=\u00a0\u00bbtag:h1|text_align:left\u00a0\u00bb use_theme_fonts=\u00a0\u00bbyes\u00a0\u00bb][\/vc_column][\/vc_row][vc_row][vc_column][vc_column_text]Nous vous conseillons de fa\u00e7on int\u00e9grale dans toutes les phases d\u2019un projet. Nous analysons vos besoins et recommandons une solution accord\u00e9e \u00e0 votre situation. Nous convenons ensemble de la proc\u00e9dure \u00e0 suivre et des d\u00e9lais de r\u00e9alisation imp\u00e9ratifs.[\/vc_column_text][\/vc_column][\/vc_row][vc_row][vc_column][vc_column_text]<\/p>\n<h3><img loading=\"lazy\" class=\"alignleft wp-image-1419 size-full\" src=\"https:\/\/swistec.ch\/wp-content\/uploads\/2016\/05\/ideen.jpg\" alt=\"ideen\" width=\"100\" height=\"100\" \/><\/h3>\n<h3>Consultation et soutien<\/h3>\n<p>Notre\u00a0<a title=\"Collaborateurs\" href=\"https:\/\/swistec.ch\/fr\/mitarbeiter\/\">personnel qualifi\u00e9<\/a>\u00a0est \u00e0 m\u00eame de vous proposer une consultation individualis\u00e9e portant sur tous les aspects de la t\u00e9l\u00e9commande centralis\u00e9e et de la gestion de charge: \u00e9valuation des besoins, recherche de solutions, projets et offres pour tous les produits de la t\u00e9l\u00e9commande centralis\u00e9e \u00e0 fr\u00e9quence musicale. L\u2019int\u00e9gration des syst\u00e8mes d\u2019autres fournisseurs fait \u00e9galement partie de nos comp\u00e9tences gr\u00e2ce \u00e0 la vaste exp\u00e9rience de nos ing\u00e9nieurs.<br \/>\nNotre\u00a0<a title=\"Support\" href=\"https:\/\/swistec.ch\/fr\/kontakt\/\">service en ligne<\/a>\u00a0est \u00e0 votre disposition gratuitement du lundi au vendredi pendant les heures de bureau.<\/p>\n<hr \/>\n<h3><img loading=\"lazy\" class=\"size-full wp-image-1424 alignleft\" src=\"https:\/\/swistec.ch\/wp-content\/uploads\/2016\/05\/stecker.jpg\" alt=\"stecker\" width=\"100\" height=\"100\" \/>Mise en service<\/h3>\n<p>La mise en service d\u2019une nouvelle installation de t\u00e9l\u00e9commande centralis\u00e9e est effectu\u00e9e par notre personnel qualifi\u00e9. Il veille \u00e0 un fonctionnement sans d\u00e9faut. Pendant les 24 premiers mois, vous profitez de notre garantie.<\/p>\n<hr \/>\n<h3><img loading=\"lazy\" class=\"size-full wp-image-1420 alignleft\" src=\"https:\/\/swistec.ch\/wp-content\/uploads\/2016\/05\/strom.jpg\" alt=\"strom\" width=\"100\" height=\"100\" \/>Service<\/h3>\n<p>Nous sommes le premier point de contact pour tous vos probl\u00e8mes de service de t\u00e9l\u00e9commande centralis\u00e9e. Profitez de notre<strong> exp\u00e9rience de longue date <\/strong>dans le domaine de la\u00a0TCC<\/p>\n<hr \/>\n<h3><img loading=\"lazy\" class=\"size-full wp-image-1423 alignleft\" src=\"https:\/\/swistec.ch\/wp-content\/uploads\/2016\/05\/telefon.jpg\" alt=\"telefon\" width=\"100\" height=\"100\" \/><\/h3>\n<h3>Service de piquet (\u00e9galement pour les syst\u00e8mes TCC d\u2019autres fournisseurs)<\/h3>\n<p>En cas d\u2019un d\u00e9rangement sur votre installation de t\u00e9l\u00e9commande centralis\u00e9e n\u2019h\u00e9sitez pas \u00e0 avertir notre service de piquet 24 heures sur 24, 7 jours sur 7.<br \/>\n\u00b7 Num\u00e9ro du service de piquet: <strong>0840 11 22 33<\/strong><br \/>\n\u00b7 Nous r\u00e9pondons \u00e0 vos appels 24 heures sur 24, 7 jours sur 7<\/p>\n<hr \/>\n<h3><img loading=\"lazy\" class=\"size-full wp-image-1417 alignleft\" src=\"https:\/\/swistec.ch\/wp-content\/uploads\/2016\/05\/unterlagen.jpg\" alt=\"unterlagen\" width=\"100\" height=\"100\" \/>Garantie<\/h3>\n<p>Swistec Systems SA offre une dur\u00e9e de <strong>garantie de 24 mois <\/strong>\u00e0 partir de la livraison sur tout le mat\u00e9riel et toutes les prestations mentionn\u00e9s sous ce contrat.<\/p>\n<hr \/>\n<h3><img loading=\"lazy\" class=\"size-full wp-image-1422 alignleft\" src=\"https:\/\/swistec.ch\/wp-content\/uploads\/2016\/05\/zahnrad.jpg\" alt=\"zahnrad\" width=\"100\" height=\"100\" \/><\/h3>\n<h3>Service de r\u00e9paration et livraison des pi\u00e8ces de rechange<\/h3>\n<p>Malgr\u00e9 la robustesse de nos composants de t\u00e9l\u00e9commande centralis\u00e9e, il se peut qu\u2019une panne survienne. Contactez nous, et nous vous offrirons rapidement une solution individuelle pour votre probl\u00e8me. Nous veillons \u00e9galement \u00e0 ce que des pi\u00e8ces de rechange demand\u00e9es fr\u00e9quemment, puissent \u00eatre vous livr\u00e9es dans un court d\u00e9lai.<\/p>\n<hr \/>\n<h3><img loading=\"lazy\" class=\"size-full wp-image-1416 alignleft\" src=\"https:\/\/swistec.ch\/wp-content\/uploads\/2016\/05\/menschen.jpg\" alt=\"menschen\" width=\"100\" height=\"100\" \/><\/h3>\n<h3>Formation continue<\/h3>\n<p>La formation de votre personnel sur les produits et syst\u00e8mes de t\u00e9l\u00e9commande centralis\u00e9e de Swistec est effectu\u00e9e dans notre centre de formation \u00e0 Fehraltorf ou chez vous sur site.[\/vc_column_text][\/vc_column][\/vc_row][vc_row][vc_column][vc_separator color=\u00a0\u00bbcustom\u00a0\u00bb style=\u00a0\u00bbdotted\u00a0\u00bb][\/vc_column][\/vc_row][vc_row][vc_column][vc_cta h2=\u00a0\u00bbFormation\u00a0\u00bb h4=\u00a0\u00bbFormations compl\u00e9mentaires et cours de Swistec\u00a0\u00bb add_button=\u00a0\u00bbbottom\u00a0\u00bb btn_title=\u00a0\u00bbPour en savoir plus &#8230;\u00a0\u00bb btn_color=\u00a0\u00bbprimary\u00a0\u00bb btn_i_icon_fontawesome=\u00a0\u00bbfa fa-calendar\u00a0\u00bb btn_link=\u00a0\u00bburl:https%3A%2F%2Fswistec.ch%2Ffr%2Fschulungen%2F%20|||\u00a0\u00bb btn_add_icon=\u00a0\u00bbtrue\u00a0\u00bb]Sous le lien suivant, vous trouverez toutes les informations sur nos programmes de formation et les dates correspondantes.[\/vc_cta][\/vc_column][\/vc_row]<\/p>\n<\/section>","protected":false},"excerpt":{"rendered":"<p>[vc_row][vc_column css=\u00a0\u00bb.vc_custom_1464177137871{margin-bottom: 27px !important;}\u00a0\u00bb][vc_custom_heading text=\u00a0\u00bbChez Swistec Systems AG, votre projet de t\u00e9l\u00e9commande centralis\u00e9e est dans de bonnes mains \u2013 nous trouvons la meilleure solution.\u00a0\u00bb font_container=\u00a0\u00bbtag:h1|text_align:left\u00a0\u00bb use_theme_fonts=\u00a0\u00bbyes\u00a0\u00bb][\/vc_column][\/vc_row][vc_row][vc_column][vc_column_text]Nous vous conseillons de fa\u00e7on<\/p>\n","protected":false},"author":4,"featured_media":1540,"parent":0,"menu_order":2,"comment_status":"closed","ping_status":"closed","template":"","meta":{"_links_to":"","_links_to_target":""},"acf":[],"aioseo_notices":[],"_links":{"self":[{"href":"https:\/\/swistec.ch\/fr\/wp-json\/wp\/v2\/pages\/10752"}],"collection":[{"href":"https:\/\/swistec.ch\/fr\/wp-json\/wp\/v2\/pages"}],"about":[{"href":"https:\/\/swistec.ch\/fr\/wp-json\/wp\/v2\/types\/page"}],"author":[{"embeddable":true,"href":"https:\/\/swistec.ch\/fr\/wp-json\/wp\/v2\/users\/4"}],"replies":[{"embeddable":true,"href":"https:\/\/swistec.ch\/fr\/wp-json\/wp\/v2\/comments?post=10752"}],"version-history":[{"count":1,"href":"https:\/\/swistec.ch\/fr\/wp-json\/wp\/v2\/pages\/10752\/revisions"}],"predecessor-version":[{"id":10754,"href":"https:\/\/swistec.ch\/fr\/wp-json\/wp\/v2\/pages\/10752\/revisions\/10754"}],"wp:featuredmedia":[{"embeddable":true,"href":"https:\/\/swistec.ch\/fr\/wp-json\/wp\/v2\/media\/1540"}],"wp:attachment":[{"href":"https:\/\/swistec.ch\/fr\/wp-json\/wp\/v2\/media?parent=10752"}],"curies":[{"name":"wp","href":"https:\/\/api.w.org\/{rel}","templated":true}]}}