{"id":11656,"date":"2022-01-28T08:39:04","date_gmt":"2022-01-28T08:39:04","guid":{"rendered":"https:\/\/swistec.ch\/?page_id=11656"},"modified":"2022-01-28T08:41:29","modified_gmt":"2022-01-28T08:41:29","slug":"impressum-2","status":"publish","type":"page","link":"https:\/\/swistec.ch\/fr\/impressum-2\/","title":{"rendered":"Impressum"},"content":{"rendered":"<section class=\"wpb-content-wrapper\"><p>[vc_row][vc_column css=\u00a0\u00bb.vc_custom_1464158618059{margin-bottom: 21px !important;}\u00a0\u00bb]<div class=\"dfd-heading-shortcode\"><div class=\"dfd-heading-module-wrap  text-left style_01 dfd-heading-69e785f9924af dfd-disable-resposive-headings\" id=\"dfd-heading-69e785f9924af\" ><div class=\"inline-block\"><div class=\"dfd-heading-module\"><h2 class=\"widget-title dfd-title \" style=\"\">Impressum<\/h2><div class=\"dfd-heading-delimiter dfd-img-lazy-load\"><\/div><\/div><\/div><\/div><script type=\"text\/javascript\">\r\n\t\t\t\t\t\t\t\t\t(function($) {\r\n\t\t\t\t\t\t\t\t\t\t$(\"head\").append(\"<style>.dfd-heading-69e785f9924af.dfd-heading-module-wrap .dfd-heading-module .dfd-heading-delimiter {border-bottom-style:solid;border-bottom-width:1px;width:100px;border-bottom-color:#dddddd;}.dfd-heading-69e785f9924af.dfd-heading-module-wrap .dfd-heading-module .dfd-heading-delimiter {margin-top:10px;margin-bottom:10px;}<\/style>\");\r\n\t\t\t\t\t\t\t\t\t})(jQuery);\r\n\t\t\t\t\t\t\t\t<\/script><\/div>[\/vc_column][\/vc_row][vc_row anchor=\u00a0\u00bbqualit\u00e4t\u00a0\u00bb][vc_column width=\u00a0\u00bb1\/4&Prime;]<div class=\"dfd-spacer-module\"  data-units=\"px\" data-wide_resolution=\"1280\" data-wide_size=\"35\" data-normal_resolution=\"1024\" data-normal_size=\"35\" data-tablet_resolution=\"800\" data-tablet_size=\"35\" data-mobile_resolution=\"480\" data-mobile_size=\"35\" style=\"height: 35px;\"><\/div><div class=\"dfd-heading-shortcode\"><div class=\"dfd-heading-module-wrap  text-left style_01 dfd-heading-69e785f992674 dfd-disable-resposive-headings\" id=\"dfd-heading-69e785f992674\" ><div class=\"inline-block\"><div class=\"dfd-heading-module\"><h5 class=\"widget-title dfd-title \" style=\"\">Domaininhaber<\/h5><div class=\"dfd-heading-delimiter dfd-img-lazy-load\"><\/div><\/div><\/div><\/div><script type=\"text\/javascript\">\r\n\t\t\t\t\t\t\t\t\t(function($) {\r\n\t\t\t\t\t\t\t\t\t\t$(\"head\").append(\"<style>.dfd-heading-69e785f992674.dfd-heading-module-wrap .dfd-heading-module .dfd-heading-delimiter {border-bottom-style:solid;border-bottom-width:1px;width:100px;border-bottom-color:#dddddd;}.dfd-heading-69e785f992674.dfd-heading-module-wrap .dfd-heading-module .dfd-heading-delimiter {margin-top:10px;margin-bottom:10px;}<\/style>\");\r\n\t\t\t\t\t\t\t\t\t})(jQuery);\r\n\t\t\t\t\t\t\t\t<\/script><\/div>[vc_column_text]<strong>Swistec Systems AG<\/strong><br \/>\nAllmendstrasse 30<br \/>\nCH-8320 Fehraltorf<br \/>\nTelefon\u00a0+41 43 355 70 50<br \/>\nFax\u00a0+41 43 355 70 51<br \/>\n<a href=\"&#x6d;&#x61;&#105;&#108;t&#x6f;&#x3a;&#x69;&#110;fo&#x40;&#x73;&#119;&#105;s&#x74;&#x65;&#x63;&#46;ch\">&#x69;n&#x66;&#111;&#x40;&#115;w&#x69;&#115;&#x74;&#101;c&#x2e;&#99;&#x68;<\/a><\/p>\n<p><strong>Gesch\u00e4ftsleitung<\/strong><br \/>\nAdrian Toller[\/vc_column_text]<div class=\"dfd-spacer-module\"  data-units=\"px\" data-wide_resolution=\"1280\" data-wide_size=\"35\" data-normal_resolution=\"1024\" data-normal_size=\"35\" data-tablet_resolution=\"800\" data-tablet_size=\"35\" data-mobile_resolution=\"480\" data-mobile_size=\"35\" style=\"height: 35px;\"><\/div><div class=\"dfd-heading-shortcode\"><div class=\"dfd-heading-module-wrap  text-left style_01 dfd-heading-69e785f9927b7 dfd-disable-resposive-headings\" id=\"dfd-heading-69e785f9927b7\" ><div class=\"inline-block\"><div class=\"dfd-heading-module\"><h5 class=\"widget-title dfd-title \" style=\"\">Medienstelle<\/h5><div class=\"dfd-heading-delimiter dfd-img-lazy-load\"><\/div><\/div><\/div><\/div><script type=\"text\/javascript\">\r\n\t\t\t\t\t\t\t\t\t(function($) {\r\n\t\t\t\t\t\t\t\t\t\t$(\"head\").append(\"<style>.dfd-heading-69e785f9927b7.dfd-heading-module-wrap .dfd-heading-module .dfd-heading-delimiter {border-bottom-style:solid;border-bottom-width:1px;width:100px;border-bottom-color:#dddddd;}.dfd-heading-69e785f9927b7.dfd-heading-module-wrap .dfd-heading-module .dfd-heading-delimiter {margin-top:10px;margin-bottom:10px;}<\/style>\");\r\n\t\t\t\t\t\t\t\t\t})(jQuery);\r\n\t\t\t\t\t\t\t\t<\/script><\/div>[vc_column_text]Hazal Kotaman<br \/>\nTelefon\u00a0+41 43 355 70 60<br \/>\nFax\u00a0+41 43 355 70 51<br \/>\nE-Mail <a href=\"&#x6d;&#97;i&#x6c;&#x74;&#111;:&#x69;&#x6e;&#102;o&#x40;&#115;w&#x69;&#x73;&#116;e&#x63;&#x2e;&#99;h\">&#105;n&#102;o&#64;s&#x77;i&#x73;t&#x65;c&#x2e;c&#x68;<\/a>[\/vc_column_text]<div class=\"dfd-spacer-module\"  data-units=\"px\" data-wide_resolution=\"1280\" data-wide_size=\"35\" data-normal_resolution=\"1024\" data-normal_size=\"35\" data-tablet_resolution=\"800\" data-tablet_size=\"35\" data-mobile_resolution=\"480\" data-mobile_size=\"35\" style=\"height: 35px;\"><\/div><div class=\"dfd-heading-shortcode\"><div class=\"dfd-heading-module-wrap  text-left style_01 dfd-heading-69e785f9928e1 dfd-disable-resposive-headings\" id=\"dfd-heading-69e785f9928e1\" ><div class=\"inline-block\"><div class=\"dfd-heading-module\"><h5 class=\"widget-title dfd-title \" style=\"\">Webentwicklung<\/h5><div class=\"dfd-heading-delimiter dfd-img-lazy-load\"><\/div><\/div><\/div><\/div><script type=\"text\/javascript\">\r\n\t\t\t\t\t\t\t\t\t(function($) {\r\n\t\t\t\t\t\t\t\t\t\t$(\"head\").append(\"<style>.dfd-heading-69e785f9928e1.dfd-heading-module-wrap .dfd-heading-module .dfd-heading-delimiter {border-bottom-style:solid;border-bottom-width:1px;width:100px;border-bottom-color:#dddddd;}.dfd-heading-69e785f9928e1.dfd-heading-module-wrap .dfd-heading-module .dfd-heading-delimiter {margin-top:10px;margin-bottom:10px;}<\/style>\");\r\n\t\t\t\t\t\t\t\t\t})(jQuery);\r\n\t\t\t\t\t\t\t\t<\/script><\/div>[vc_column_text]design-factory gmbh<br \/>\naargauerstrasse 250<br \/>\n8048 z\u00fcrich<br \/>\n<a href=\"https:\/\/www.d-f.cc\" target=\"_blank\" rel=\"noopener\">www.d-f.cc<\/a><br \/>\n<a href=\"mai&#108;&#116;&#111;&#58;&#x69;&#x6e;&#x66;&#x6f;&#x40;&#x64;&#x2d;f&#46;c&#99;\" target=\"_blank\" rel=\"noopener\">&#x69;&#110;&#102;o&#x40;&#x64;&#45;f&#x2e;&#x63;&#99;<\/a>[\/vc_column_text][\/vc_column][vc_column width=\u00a0\u00bb3\/4&Prime;]<div class=\"dfd-spacer-module\"  data-units=\"px\" data-wide_resolution=\"1280\" data-wide_size=\"35\" data-normal_resolution=\"1024\" data-normal_size=\"35\" data-tablet_resolution=\"800\" data-tablet_size=\"35\" data-mobile_resolution=\"480\" data-mobile_size=\"35\" style=\"height: 35px;\"><\/div><div class=\"dfd-heading-shortcode\"><div class=\"dfd-heading-module-wrap  text-left style_01 dfd-heading-69e785f9929f3 dfd-disable-resposive-headings\" id=\"dfd-heading-69e785f9929f3\" ><div class=\"inline-block\"><div class=\"dfd-heading-module\"><h5 class=\"widget-title dfd-title \" style=\"\">Disclaimer<\/h5><div class=\"dfd-heading-delimiter dfd-img-lazy-load\"><\/div><\/div><\/div><\/div><script type=\"text\/javascript\">\r\n\t\t\t\t\t\t\t\t\t(function($) {\r\n\t\t\t\t\t\t\t\t\t\t$(\"head\").append(\"<style>.dfd-heading-69e785f9929f3.dfd-heading-module-wrap .dfd-heading-module .dfd-heading-delimiter {border-bottom-style:solid;border-bottom-width:1px;width:100px;border-bottom-color:#dddddd;}.dfd-heading-69e785f9929f3.dfd-heading-module-wrap .dfd-heading-module .dfd-heading-delimiter {margin-top:10px;margin-bottom:10px;}<\/style>\");\r\n\t\t\t\t\t\t\t\t\t})(jQuery);\r\n\t\t\t\t\t\t\t\t<\/script><\/div>[vc_column_text]Mit dem Zugriff auf diese Website und deren Seiten erkl\u00e4ren Sie, dass Sie die folgenden Bedingungen im Zusammenhang mit dieser Website und den darin enthaltenen Elementen verstanden haben und anerkennen. Wenn Sie mit den nachfolgenden Bedingungen nicht einverstanden sind, unterlassen Sie den Zugriff auf diese Website und ihre Seiten.<\/p>\n<p><b>Pr\u00e4ambel<\/b><br \/>\nDie Swistec Webseite bietet Interessierten ein professionelles und attraktives Internetportal. Das Portal enth\u00e4lt wichtige Informationen \u00fcber Swistec, ihre Dienstleistungen, ihre Partner, Neuigkeiten und Daten.<\/p>\n<p><b>Durch das Internetportal zug\u00e4ngliche Informationen<\/b><br \/>\nObwohl die Swistec Systems AG sich bem\u00fcht, die Richtigkeit der ver\u00f6ffentlichten Informationen sicherzustellen, kann hinsichtlich der Richtigkeit, Aktualit\u00e4t, Genauigkeit, Zuverl\u00e4ssigkeit, Vollst\u00e4ndigkeit und Verwendbarkeit der auf dieser Website bereitgestellten Informationen keine Haftung oder Garantie \u00fcbernommen werden. S\u00e4mtliche Angaben und Informationen werden ohne jegliche Gew\u00e4hr seitens der Swistec Systems AG gemacht.<\/p>\n<p>Die Swistec Systems AG haftet in keinem Fall (einschliesslich Fahrl\u00e4ssigkeit) f\u00fcr Sch\u00e4den oder Folgesch\u00e4den jeglicher Art, die in irgendeiner Weise im Zusammenhang mit dem Zugriff, der Benutzung oder Abfragung oder der Swistec Website beziehungsweise den darauf enthaltenen Informationen stehen. Von der Swistec Systems AG wird keine Haftung \u00fcbernommen f\u00fcr Sch\u00e4den, die auf die Konsultation bzw. das \u00dcbertragen oder Herunterladen von frei oder beschr\u00e4nkt zug\u00e4nglichen elektronischen Daten und Anlagen (z.B. im pdf-Format) oder von auf der Website angef\u00fchrten Verbindungen (Links) und den darin enthaltenen Informationen zur\u00fcckgef\u00fchrt werden.<\/p>\n<p>Die Swistec Systems AG beh\u00e4lt sich ausdr\u00fccklich vor, jederzeit Inhalte ohne Ank\u00fcndigung ganz oder teilweise zu \u00e4ndern, zu l\u00f6schen oder zeitweise nicht zu ver\u00f6ffentlichen.<\/p>\n<p><b>Links<\/b><br \/>\nDie Swistec Systems AG Webseite enth\u00e4lt unter Umst\u00e4nden Links zu externen Webseiten Dritter, auf deren Inhalte wir keinen Einfluss haben. Deshalb k\u00f6nnen wir f\u00fcr diese fremden Inhalte auch keine Gew\u00e4hr \u00fcbernehmen. Das Herstellen von Verbindungen zu den verlinkten Websites erfolgt auf eigenes Risiko. F\u00fcr die Inhalte der verlinkten Seiten ist der jeweilige Anbieter oder Betreiber der Seiten verantwortlich. Eine permanente inhaltliche Kontrolle der verlinkten Seiten ist ohne konkrete Anhaltspunkte einer Rechtsverletzung nicht zumutbar. Bei Bekanntwerden von Rechtsverletzungen wird Swistec Systems AG derartige Links umgehend entfernen.<\/p>\n<p><b>Urheberrecht<\/b><br \/>\nDie Swistec Systems AG Webseite und s\u00e4mtliche Inhalte (einschliesslich der grafischen Darstellungen) sind urheberrechtlich gesch\u00fctzt und geh\u00f6ren ausschliesslich der Swistec Systems AG. Vorbehalten sind Urheberrechte Dritter. F\u00fcr die (vollst\u00e4ndige oder teilweise) Reproduktion jeglicher Elemente ist die schriftliche Zustimmung der Urheberrechtstr\u00e4ger im Voraus einzuholen.[\/vc_column_text]<div class=\"dfd-spacer-module\"  data-units=\"px\" data-wide_resolution=\"1280\" data-wide_size=\"35\" data-normal_resolution=\"1024\" data-normal_size=\"35\" data-tablet_resolution=\"800\" data-tablet_size=\"35\" data-mobile_resolution=\"480\" data-mobile_size=\"35\" style=\"height: 35px;\"><\/div>[\/vc_column][\/vc_row]<\/p>\n<\/section>","protected":false},"excerpt":{"rendered":"<p>[vc_row][vc_column css=\u00a0\u00bb.vc_custom_1464158618059{margin-bottom: 21px !important;}\u00a0\u00bb][\/vc_column][\/vc_row][vc_row anchor=\u00a0\u00bbqualit\u00e4t\u00a0\u00bb][vc_column width=\u00a0\u00bb1\/4&Prime;][vc_column_text]Swistec Systems AG Allmendstrasse 30 CH-8320 Fehraltorf Telefon\u00a0+41 43 355 70 50 Fax\u00a0+41 43 355 70 51 &#x69;&#x6e;&#102;&#111;&#64;s&#x77;&#x69;&#x73;&#116;&#101;c&#46;&#x63;&#x68; Gesch\u00e4ftsleitung Adrian Toller[\/vc_column_text][vc_column_text]Hazal Kotaman Telefon\u00a0+41 43 355<\/p>\n","protected":false},"author":9,"featured_media":1540,"parent":0,"menu_order":100,"comment_status":"closed","ping_status":"closed","template":"","meta":{"_links_to":"","_links_to_target":""},"acf":[],"aioseo_notices":[],"_links":{"self":[{"href":"https:\/\/swistec.ch\/fr\/wp-json\/wp\/v2\/pages\/11656"}],"collection":[{"href":"https:\/\/swistec.ch\/fr\/wp-json\/wp\/v2\/pages"}],"about":[{"href":"https:\/\/swistec.ch\/fr\/wp-json\/wp\/v2\/types\/page"}],"author":[{"embeddable":true,"href":"https:\/\/swistec.ch\/fr\/wp-json\/wp\/v2\/users\/9"}],"replies":[{"embeddable":true,"href":"https:\/\/swistec.ch\/fr\/wp-json\/wp\/v2\/comments?post=11656"}],"version-history":[{"count":4,"href":"https:\/\/swistec.ch\/fr\/wp-json\/wp\/v2\/pages\/11656\/revisions"}],"predecessor-version":[{"id":11666,"href":"https:\/\/swistec.ch\/fr\/wp-json\/wp\/v2\/pages\/11656\/revisions\/11666"}],"wp:featuredmedia":[{"embeddable":true,"href":"https:\/\/swistec.ch\/fr\/wp-json\/wp\/v2\/media\/1540"}],"wp:attachment":[{"href":"https:\/\/swistec.ch\/fr\/wp-json\/wp\/v2\/media?parent=11656"}],"curies":[{"name":"wp","href":"https:\/\/api.w.org\/{rel}","templated":true}]}}