{"id":12122,"date":"2022-04-07T21:19:40","date_gmt":"2022-04-07T21:19:40","guid":{"rendered":"https:\/\/swistec.ch\/?page_id=12122"},"modified":"2022-04-07T21:19:40","modified_gmt":"2022-04-07T21:19:40","slug":"sensor-4nq","status":"publish","type":"page","link":"https:\/\/swistec.ch\/fr\/produits\/communication\/breitband-powerline\/sensor-4nq\/","title":{"rendered":"Sensor BPL-Modem 4NQ"},"content":{"rendered":"<section class=\"wpb-content-wrapper\"><p>[vc_row][vc_column]<div class=\"dfd-heading-shortcode\"><div class=\"dfd-heading-module-wrap  text-left style_01 dfd-heading-69e9f43498a71 dfd-disable-resposive-headings\" id=\"dfd-heading-69e9f43498a71\" ><div class=\"inline-block\"><div class=\"dfd-heading-module\"><h2 class=\"widget-title dfd-title \" style=\"\">Sensor BPL-Modem 4NQ<\/h2><h4 class=\"widget-sub-title dfd-sub-title \" style=\"font-family:Noto Sans; font-weight:700; font-style:normal; \">Communication -Breitband Powerline<\/h4><div class=\"dfd-heading-delimiter dfd-img-lazy-load\"><\/div><\/div><\/div><\/div><script type=\"text\/javascript\">\r\n\t\t\t\t\t\t\t\t\t(function($) {\r\n\t\t\t\t\t\t\t\t\t\t$(\"head\").append(\"<style>.dfd-heading-69e9f43498a71.dfd-heading-module-wrap .dfd-heading-module .dfd-heading-delimiter {border-bottom-style:solid;border-bottom-width:1px;width:100px;border-bottom-color:#dddddd;}.dfd-heading-69e9f43498a71.dfd-heading-module-wrap .dfd-heading-module .dfd-heading-delimiter {margin-top:10px;margin-bottom:10px;}<\/style>\");\r\n\t\t\t\t\t\t\t\t\t})(jQuery);\r\n\t\t\t\t\t\t\t\t<\/script><\/div>[\/vc_column][\/vc_row][vc_row][vc_column width=\u00a0\u00bb2\/3&Prime; css=\u00a0\u00bb.vc_custom_1464158618059{margin-bottom: 21px !important;}\u00a0\u00bb][vc_column_text]Le modem capteur BPL 4NQ est con\u00e7u pour \u00eatre install\u00e9 dans les postes de transformation et les distributeurs routiers (cat\u00e9gorie de surtension IV). Sa construction compacte et optimis\u00e9e en termes de co\u00fbts permet un montage facile.<\/p>\n<p>Le 4NQ dispose d&rsquo;un capteur de tension int\u00e9gr\u00e9 pour les trois phases. Cela permet d&rsquo;obtenir une mesure de la tension sur l&rsquo;ensemble du territoire, ce qui permet de d\u00e9tecter et d&rsquo;analyser en continu les \u00e9tats du r\u00e9seau. Le modem BPL du capteur permet de mesurer en continu sur les trois phases.<\/p>\n<ul>\n<li>les tensions<\/li>\n<li>angle de phase (entre les tensions)<\/li>\n<li>THD (distorsion harmonique totale)<\/li>\n<\/ul>\n<p>[\/vc_column_text]<div class=\"dfd-spacer-module\"  data-units=\"px\" data-wide_resolution=\"1280\" data-wide_size=\"35\" data-normal_resolution=\"1024\" data-normal_size=\"35\" data-tablet_resolution=\"800\" data-tablet_size=\"35\" data-mobile_resolution=\"480\" data-mobile_size=\"35\" style=\"height: 35px;\"><\/div>[\/vc_column][vc_column width=\u00a0\u00bb1\/3&Prime;][vc_single_image image=\u00a0\u00bb12118&Prime; img_size=\u00a0\u00bbmedium\u00a0\u00bb alignment=\u00a0\u00bbright\u00a0\u00bb]<div class=\"dfd-spacer-module\"  data-units=\"px\" data-wide_resolution=\"1280\" data-wide_size=\"35\" data-normal_resolution=\"1024\" data-normal_size=\"35\" data-tablet_resolution=\"800\" data-tablet_size=\"40\" data-mobile_resolution=\"480\" data-mobile_size=\"80\" style=\"height: 35px;\"><\/div><div id=\"dfd-modal-btn69e9f43498c8a-7306\" class=\"dfd-btn-open-modal-box button-left\" ><div class=\"dfd-btn-wrap button\" style=\"\"><span class=\"dfd-button-text\" >Demander une offre<\/span><span class=\"dfd-btn-border\"><\/span><\/div><\/div><div id=\"dfd-modal-box69e9f43498c89-751\" class=\"dfd-modal-box-overlay dfd-modal-btn69e9f43498c8a-7306\"><div class=\"dfd-modal-box-cover  dfd-modal-btn69e9f43498c8a-7306\" ><div class=\"dfd-modal-box-wrap\"><i class=\"close-block\"><\/i><div class=\"dfd-modal-box-shortcode \"><p>[vc_column_text]<div role=\"form\" class=\"wpcf7\" id=\"wpcf7-f2128-o1\" lang=\"de-DE\" dir=\"ltr\">\n<div class=\"screen-reader-response\"><p role=\"status\" aria-live=\"polite\" aria-atomic=\"true\"><\/p> <ul><\/ul><\/div>\n<form action=\"\/fr\/wp-json\/wp\/v2\/pages\/12122#wpcf7-f2128-o1\" method=\"post\" class=\"wpcf7-form init\" novalidate=\"novalidate\" data-status=\"init\">\n<div style=\"display: none;\">\n<input type=\"hidden\" name=\"_wpcf7\" value=\"2128\" \/>\n<input type=\"hidden\" name=\"_wpcf7_version\" value=\"5.6.3\" \/>\n<input type=\"hidden\" name=\"_wpcf7_locale\" value=\"de_DE\" \/>\n<input type=\"hidden\" name=\"_wpcf7_unit_tag\" value=\"wpcf7-f2128-o1\" \/>\n<input type=\"hidden\" name=\"_wpcf7_container_post\" value=\"0\" \/>\n<input type=\"hidden\" name=\"_wpcf7_posted_data_hash\" value=\"\" \/>\n<input type=\"hidden\" name=\"_wpcf7_recaptcha_response\" value=\"\" \/>\n<\/div>\n<p> Nom de l'entreprise <br \/>\n    <span class=\"wpcf7-form-control-wrap\" data-name=\"your-company\"><input type=\"text\" name=\"your-company\" value=\"\" size=\"40\" class=\"wpcf7-form-control wpcf7-text\" aria-invalid=\"false\" \/><\/span> <\/p>\n<p> Choisir l'appel<br \/>\n    <span class=\"wpcf7-form-control-wrap\" data-name=\"Anrede\"><select name=\"Anrede\" class=\"wpcf7-form-control wpcf7-select\" aria-invalid=\"false\"><option value=\"\">---<\/option><option value=\"Madame\">Madame<\/option><option value=\"Monsieur\">Monsieur<\/option><\/select><\/span><\/p>\n<p> Prenom et Nom<br \/>\n    <span class=\"wpcf7-form-control-wrap\" data-name=\"your-name\"><input type=\"text\" name=\"your-name\" value=\"\" size=\"40\" class=\"wpcf7-form-control wpcf7-text\" aria-invalid=\"false\" \/><\/span> <\/p>\n<p> Votre adresse e-mail (champ obligatoire)<br \/>\n    <span class=\"wpcf7-form-control-wrap\" data-name=\"your-email\"><input type=\"email\" name=\"your-email\" value=\"\" size=\"40\" class=\"wpcf7-form-control wpcf7-text wpcf7-email wpcf7-validates-as-required wpcf7-validates-as-email\" aria-required=\"true\" aria-invalid=\"false\" \/><\/span> <\/p>\n<p> Votre num\u00e9ro de t\u00e9l\u00e9phone <br \/>\n    <span class=\"wpcf7-form-control-wrap\" data-name=\"Telefonnummer\"><input type=\"tel\" name=\"Telefonnummer\" value=\"\" size=\"40\" class=\"wpcf7-form-control wpcf7-text wpcf7-tel wpcf7-validates-as-tel\" aria-invalid=\"false\" \/><\/span> <\/p>\n<p> Votre message <br \/>\n    <span class=\"wpcf7-form-control-wrap\" data-name=\"your-message\"><textarea name=\"your-message\" cols=\"40\" rows=\"10\" class=\"wpcf7-form-control wpcf7-textarea wpcf7-validates-as-required\" aria-required=\"true\" aria-invalid=\"false\"><\/textarea><\/span> <\/p>\n<p><span class=\"wpcf7-form-control-wrap\" data-name=\"acceptance-799-datenschutz\"><span class=\"wpcf7-form-control wpcf7-acceptance\"><span class=\"wpcf7-list-item\"><label><input type=\"checkbox\" name=\"acceptance-799-datenschutz\" value=\"1\" aria-invalid=\"false\" \/><span class=\"wpcf7-list-item-label\">J'ai lu et j'accepte <a href=\"https:\/\/swistec.ch\/datenschutz\/\" target=\"_blank\">la d\u00e9claration de protection des donn\u00e9es<\/a>.<\/span><\/label><\/span><\/span><\/span> <\/p>\n<p><input type=\"submit\" value=\"Envoyer\" class=\"wpcf7-form-control has-spinner wpcf7-submit\" \/><\/p>\n<div class=\"wpcf7-response-output\" aria-hidden=\"true\"><\/div><\/form><\/div>[\/vc_column_text]<\/p>\n<\/div><\/div><\/div><\/div><script type=\"text\/javascript\">\r\n                                (function($) {\r\n                                    $(\"head\").append(\"<style>#dfd-modal-btn69e9f43498c8a-7306.dfd-btn-open-modal-box .dfd-btn-wrap:not(:hover) {background: #4f8fcc;}#dfd-modal-btn69e9f43498c8a-7306.dfd-btn-open-modal-box .dfd-btn-wrap:hover {background: #e4003a;}#dfd-modal-btn69e9f43498c8a-7306.dfd-btn-open-modal-box .dfd-btn-wrap {border-radius: 60px;}#dfd-modal-btn69e9f43498c8a-7306.dfd-btn-open-modal-box .dfd-btn-wrap:not(:hover) .dfd-btn-border {border-style: solid;border-top-width: 1px;border-bottom-width: 1px;border-left-width: 1px;border-right-width: 1px;border-radius: 60px;}#dfd-modal-btn69e9f43498c8a-7306.dfd-btn-open-modal-box .dfd-btn-wrap:hover {border-radius: 60px;}#dfd-modal-btn69e9f43498c8a-7306.dfd-btn-open-modal-box .dfd-btn-wrap:hover .dfd-btn-border {border-style: solid;border-top-width: 1px;border-bottom-width: 1px;border-left-width: 1px;border-right-width: 1px;border-radius: 60px;}<\/style>\");\r\n                                })(jQuery);\r\n                            <\/script><script type=\"text\/javascript\">\r\n                    (function($) {\r\n                        \"use strict\";\r\n                        $(document).ready(function() {\r\n                            $(\".dfd-modal-box-overlay\").appendTo(document.body);\r\n                            function setcookie(a,b,c) {\r\n                                if(c){\r\n                                    var d = new Date();\r\n                                    d.setTime(d.getTime()+c);\r\n                                }\r\n                                if(a && b) {\r\n                                    document.cookie = a+\"=\"+b+(c ? \"; expires=\"+d.toUTCString() : \"\");\r\n                                } else {\r\n                                    return false;\r\n                                }\r\n                            }\r\n                            function getcookie(a) {\r\n                                var b = new RegExp(a+\"=([^;]){1,}\");\r\n                                var c = b.exec(document.cookie);\r\n                                if(c) {\r\n                                    c = c[0].split(\"=\");\r\n                                } else {\r\n                                    return false;\r\n                                }\r\n                                return c[1] ? c[1] : false;\r\n                            }\r\n\r\n\t\t\t\t\t\t\tvar overlay_id = $(\"#dfd-modal-box69e9f43498c89-751.dfd-modal-box-overlay\");\r\n\r\n                            var box_id = $(\"#dfd-modal-box69e9f43498c89-751 .dfd-modal-box-cover\");\r\n                            var uniqclass_overlay = \".dfd-modal-box-overlay.dfd-modal-btn69e9f43498c8a-7306\";\r\n                            var uniqclass_box = \".dfd-modal-box-cover.dfd-modal-btn69e9f43498c8a-7306\";\r\n\r\n\r\n                            var modalBoxResponsive = function() {\r\n\t\t\t\t\t\t\t\tvar windowHeight = $(window).height();\r\n\t\t\t\t\t\t\t\tvar modalHeight = $(\".dfd-modal-box-wrap.open-modal\").height();\r\n\t\t\t\t\t\t\t\tif (modalHeight > windowHeight) {\r\n\t\t\t\t\t\t\t\t\tbox_id.addClass(\"scroll-show\");\r\n\t\t\t\t\t\t\t\t\t$(\".dfd-modal-box-wrap.open-modal\").addClass(\"height-resize\");\r\n\t\t\t\t\t\t\t\t} else if (modalHeight < windowHeight) {\r\n\t\t\t\t\t\t\t\t\tbox_id.removeClass(\"scroll-show\");\r\n\t\t\t\t\t\t\t\t\t$(\".dfd-modal-box-wrap.open-modal\").removeClass(\"height-resize\");\r\n\t\t\t\t\t\t\t\t}\r\n\t\t\t\t\t\t\t};$(document).on(\"click\", \"#dfd-modal-btn69e9f43498c8a-7306 .dfd-btn-wrap\", function(){\r\n\t\t\t\t\t\t\t\t\t\t\t\t$(uniqclass_overlay).css({\"visibility\":\"visible\", \"opacity\": \"1\"}, 500);\r\n\t\t\t\t\t\t\t\t\t\t\t\tvar $anim = $(uniqclass_box).data(\"animate-type\");\r\n\t\t\t\t\t\t\t\t\t\t\t\tsetTimeout(function(){\r\n\t\t\t\t\t\t\t\t\t\t\t\t\tbox_id.find(\".dfd-modal-box-wrap\").addClass(\"open-modal\");\r\n\t\t\t\t\t\t\t\t\t\t\t\t\t$(uniqclass_box).css(\"visibility\",\"visible\").velocity($anim,{display:\"auto\"});\r\n\t\t\t\t\t\t\t\t\t\t\t\t\tmodalBoxResponsive();\r\n\t\t\t\t\t\t\t\t\t\t\t\t}, 500);\r\n\t\t\t\t\t\t\t\t\t\t\t});$(document).on(\"click\", uniqclass_box, function(){\r\n\t\t\t\t\t\t\t\t\t\t\tbox_id.find(\".dfd-modal-box-wrap\").removeClass(\"open-modal\");\r\n\t\t\t\t\t\t\t\t\t\t\t$(uniqclass_box).velocity(\"reverse\", 500).css({\"visibility\": \"hidden\"});\r\n\t\t\t\t\t\t\t\t\t\t\tsetTimeout(function(){\r\n\t\t\t\t\t\t\t\t\t\t\t\t$(uniqclass_overlay).css({\"visibility\": \"hidden\", \"opacity\": \"0\"}, 500);\r\n\t\t\t\t\t\t\t\t\t\t\t}, 500);\r\n\t\t\t\t\t\t\t\t\t\t}); \r\n                            $(document).on(\"click\", \".dfd-modal-box-shortcode\", function(event) {\r\n                                event.stopPropagation();\r\n                            });\r\n                            $(window).on(\"resize\", modalBoxResponsive);\r\n                        });\t\r\n                    })(jQuery);\r\n                <\/script><div class=\"dfd-spacer-module\"  data-units=\"px\" data-wide_resolution=\"1280\" data-wide_size=\"35\" data-normal_resolution=\"1024\" data-normal_size=\"35\" data-tablet_resolution=\"800\" data-tablet_size=\"40\" data-mobile_resolution=\"480\" data-mobile_size=\"80\" style=\"height: 35px;\"><\/div>[\/vc_column][\/vc_row][vc_row bg_check=\u00a0\u00bbrow-background-dark\u00a0\u00bb force_equal_height_columns=\u00a0\u00bbmain_row\u00a0\u00bb mobile_destroy_equal_heights_resolution=\u00a0\u00bb799&Prime; dfd_row_config=\u00a0\u00bbfull_width_content_paddings\u00a0\u00bb dfd_row_responsive_enable=\u00a0\u00bbdfd-row-responsive-enable\u00a0\u00bb css=\u00a0\u00bb.vc_custom_1629214208006{margin-top: 30px !important;margin-bottom: 30px !important;}\u00a0\u00bb responsive_styles=\u00a0\u00bbpadding_left_desktop:10|padding_right_desktop:10|padding_left_tablet:10|padding_right_tablet:10|padding_left_mobile:10|padding_right_mobile:10&Prime; mobile_destroy_equal_heights=\u00a0\u00bbyes\u00a0\u00bb][vc_column width=\u00a0\u00bb2\/3&Prime; css=\u00a0\u00bb.vc_custom_1629214235610{padding-left: 20px !important;background-color: #325a7e !important;}\u00a0\u00bb col_shadow=\u00a0\u00bbbox_shadow_enable:disable|shadow_horizontal:0|shadow_vertical:15|shadow_blur:50|shadow_spread:0|box_shadow_color:rgba(0%2C0%2C0%2C0.35)\u00a0\u00bb col_shadow_hover=\u00a0\u00bbbox_shadow_enable:disable|shadow_horizontal:0|shadow_vertical:15|shadow_blur:50|shadow_spread:0|box_shadow_color:rgba(0%2C0%2C0%2C0.35)\u00a0\u00bb]<div class=\"dfd-spacer-module\"  data-units=\"px\" data-wide_resolution=\"1280\" data-wide_size=\"35\" data-normal_resolution=\"1024\" data-normal_size=\"35\" data-tablet_resolution=\"800\" data-tablet_size=\"40\" data-mobile_resolution=\"480\" data-mobile_size=\"80\" style=\"height: 35px;\"><\/div><div class=\"dfd-heading-shortcode\"><div class=\"dfd-heading-module-wrap  text-left style_01 cr-animate-gen dfd-heading-69e9f434994a6 dfd-disable-resposive-headings\" id=\"dfd-heading-69e9f434994a6\" data-animate-type = \"transition.expandIn\" ><div class=\"inline-block\"><div class=\"dfd-heading-module\"><h3 class=\"widget-title dfd-title \" style=\"font-size: 20px; line-height: 35px; letter-spacing: 6px; \">FORMATIONS<\/h3><h3 class=\"widget-sub-title dfd-sub-title \" style=\"font-family:Raleway; font-weight:300; font-style:normal; font-size: 18px; line-height: 27px; \">Formations continues et cours de Swistec - Informez-vous sur notre programme de formation actuel et sur les dates de formation<\/h3><\/div><\/div><\/div><script type=\"text\/javascript\">\r\n\t\t\t\t\t\t\t\t\t(function($) {\r\n\t\t\t\t\t\t\t\t\t\t$(\"head\").append(\"<style>.dfd-heading-69e9f434994a6.dfd-heading-module-wrap .dfd-heading-module .dfd-heading-delimiter {margin-top:10px;margin-bottom:10px;}@media (max-width: 1279px) and (min-width: 1024px){.dfd-heading-69e9f434994a6 .dfd-title{letter-spacing: 5px !important;}}@media (max-width: 1023px) and (min-width: 800px){.dfd-heading-69e9f434994a6 .dfd-title{letter-spacing: 1px !important;}}@media (max-width: 799px){.dfd-heading-69e9f434994a6 .dfd-title{font-size: 20px !important;letter-spacing: 3px !important;line-height: 30px !important;}}@media (max-width: 1023px) and (min-width: 800px){.dfd-heading-69e9f434994a6 .dfd-sub-title{font-size: 17px !important;}}@media only screen and (max-width: 799px) {.dfd-heading-69e9f434994a6 {text-align: center;}}<\/style>\");\r\n\t\t\t\t\t\t\t\t\t})(jQuery);\r\n\t\t\t\t\t\t\t\t<\/script><\/div><div class=\"dfd-spacer-module\"  data-units=\"px\" data-wide_resolution=\"1280\" data-wide_size=\"35\" data-normal_resolution=\"1024\" data-normal_size=\"35\" data-tablet_resolution=\"800\" data-tablet_size=\"40\" data-mobile_resolution=\"480\" data-mobile_size=\"80\" style=\"height: 35px;\"><\/div>[\/vc_column][vc_column width=\u00a0\u00bb1\/3&Prime; css=\u00a0\u00bb.vc_custom_1629214142546{background-color: #325a7e !important;}\u00a0\u00bb col_shadow=\u00a0\u00bbbox_shadow_enable:disable|shadow_horizontal:0|shadow_vertical:15|shadow_blur:50|shadow_spread:0|box_shadow_color:rgba(0%2C0%2C0%2C0.35)\u00a0\u00bb col_shadow_hover=\u00a0\u00bbbox_shadow_enable:disable|shadow_horizontal:0|shadow_vertical:15|shadow_blur:50|shadow_spread:0|box_shadow_color:rgba(0%2C0%2C0%2C0.35)\u00a0\u00bb]<div id=\"dfd-button-69e9f4349963f\" class=\"dfd-button-module-wrap dfd-button-69e9f4349963f\"><div class=\"dfd-button-module  style_1 text-center dfd-horizontal dfd-top-to-bottom dfd-button-icon-left dfd-button-icon-hover-simple\" ><a href=\"https:\/\/swistec.ch\/schulungen\/\" title=\"Schulungen\" class=\"dfd-button-link\"><span class=\"dfd-button-inner-cover\"><span class=\"dfd-button-text-main\">APPRENDRE ENCORE PLUS ...<\/span><\/span><\/a><\/div><script type=\"text\/javascript\">\r\n\t\t\t\t\t\t\t\t\t(function($) {$(\"head\").append(\"<style>#dfd-button-69e9f4349963f.dfd-button-module-wrap .dfd-button-module .dfd-button-link .dfd-button-inner-cover .dfd-button-text-main, .dfd-button-69e9f4349963f.dfd-button-module-wrap .dfd-button-module .dfd-button-link .dfd-button-inner-cover .dfd-button-text-main, .dfd-button-69e9f4349963f.dfd-button-module-wrap .dfd-button-module .dfd-button-link .dfd-button-inner-cover .dfd-button-text-hover, #dfd-button-69e9f4349963f.dfd-button-module-wrap .dfd-button-module .dfd-button-link .dfd-button-inner-cover .dfd-button-text-hover {padding-left: 30px;}#dfd-button-69e9f4349963f.dfd-button-module-wrap .dfd-button-module .dfd-button-link .dfd-button-inner-cover .dfd-button-text-main, .dfd-button-69e9f4349963f.dfd-button-module-wrap .dfd-button-module .dfd-button-link .dfd-button-inner-cover .dfd-button-text-main, .dfd-button-69e9f4349963f.dfd-button-module-wrap .dfd-button-module .dfd-button-link .dfd-button-inner-cover .dfd-button-text-hover, #dfd-button-69e9f4349963f.dfd-button-module-wrap .dfd-button-module .dfd-button-link .dfd-button-inner-cover .dfd-button-text-hover {padding-right: 30px;}#dfd-button-69e9f4349963f.dfd-button-module-wrap .dfd-button-module .dfd-button-link .dfd-button-inner-cover .dfd-button-text-main, .dfd-button-69e9f4349963f.dfd-button-module-wrap .dfd-button-module .dfd-button-link .dfd-button-inner-cover .dfd-button-text-main, .dfd-button-69e9f4349963f.dfd-button-module-wrap .dfd-button-module .dfd-button-link .dfd-button-inner-cover .dfd-button-text-hover, #dfd-button-69e9f4349963f.dfd-button-module-wrap .dfd-button-module .dfd-button-link .dfd-button-inner-cover .dfd-button-text-hover {line-height: 48px; letter-spacing: 2px; }#dfd-button-69e9f4349963f.dfd-button-module-wrap .dfd-button-module .dfd-button-link .dfd-button-inner-cover .dfd-button-text-main,.dfd-button-69e9f4349963f.dfd-button-module-wrap .dfd-button-module .dfd-button-link .dfd-button-inner-cover .dfd-button-text-main {color: #4f8fcc}#dfd-button-69e9f4349963f.dfd-button-module-wrap .dfd-button-module .dfd-button-link .dfd-button-inner-cover,.dfd-button-69e9f4349963f.dfd-button-module-wrap .dfd-button-module .dfd-button-link .dfd-button-border-decoration,.dfd-button-69e9f4349963f.dfd-button-module-wrap .dfd-button-module .dfd-button-link .dfd-button-inner-cover {border-radius:60px;}#dfd-button-69e9f4349963f.dfd-button-module-wrap .dfd-button-module:not(.style_4) .dfd-button-link .dfd-button-inner-cover:before,#dfd-button-69e9f4349963f.dfd-button-module-wrap .dfd-button-module.style_4 .dfd-button-link .dfd-button-inner-cover:after,#dfd-button-69e9f4349963f.dfd-button-module-wrap .dfd-button-module.style_6 .dfd-button-link .dfd-button-inner-cover .dfd-button-text-main,.dfd-button-69e9f4349963f.dfd-button-module-wrap .dfd-button-module:not(.style_4) .dfd-button-link .dfd-button-inner-cover:before,.dfd-button-69e9f4349963f.dfd-button-module-wrap .dfd-button-module.style_4 .dfd-button-link .dfd-button-inner-cover:after,.dfd-button-69e9f4349963f.dfd-button-module-wrap .dfd-button-module.style_6 .dfd-button-link .dfd-button-inner-cover .dfd-button-text-main {background: #ffffff;border-style:solid;border-width:1px;border-radius:60px;border-color:#e0e0e0;}#dfd-button-69e9f4349963f.dfd-button-module-wrap .dfd-button-module:not(.style_6) .dfd-button-link:hover .dfd-button-inner-cover .dfd-button-text-main,#dfd-button-69e9f4349963f.dfd-button-module-wrap .dfd-button-module .dfd-button-link .dfd-button-inner-cover .dfd-button-text-hover,.dfd-button-69e9f4349963f.dfd-button-module-wrap .dfd-button-module:not(.style_6) .dfd-button-link:hover .dfd-button-inner-cover .dfd-button-text-main,.dfd-button-69e9f4349963f.dfd-button-module-wrap .dfd-button-module .dfd-button-link .dfd-button-inner-cover .dfd-button-text-hover {color: #ffffff;}#dfd-button-69e9f4349963f.dfd-button-module-wrap .dfd-button-module .dfd-button-link:hover .dfd-button-inner-cover,.dfd-button-69e9f4349963f.dfd-button-module-wrap .dfd-button-module .dfd-button-link:hover .dfd-button-border-decoration,.dfd-button-69e9f4349963f.dfd-button-module-wrap .dfd-button-module .dfd-button-link:hover .dfd-button-inner-cover {border-radius:60px;}#dfd-button-69e9f4349963f.dfd-button-module-wrap .dfd-button-module:not(.style_4) .dfd-button-link .dfd-button-inner-cover:after,#dfd-button-69e9f4349963f.dfd-button-module-wrap .dfd-button-module.style_4 .dfd-button-link .dfd-button-inner-cover:before,#dfd-button-69e9f4349963f.dfd-button-module-wrap .dfd-button-module .dfd-button-link .dfd-button-inner-cover .dfd-button-text-hover .dfd-button-69e9f4349963f.dfd-button-module-wrap .dfd-button-module:not(.style_4) .dfd-button-link .dfd-button-inner-cover:after,.dfd-button-69e9f4349963f.dfd-button-module-wrap .dfd-button-module.style_4 .dfd-button-link .dfd-button-inner-cover:before,.dfd-button-69e9f4349963f.dfd-button-module-wrap .dfd-button-module .dfd-button-link .dfd-button-inner-cover .dfd-button-text-hover {background: #e4003a;border-style:solid;border-width:1px;border-radius:60px;border-color:#edc84d;}#dfd-button-69e9f4349963f.dfd-button-module-wrap .dfd-button-module.style_3 .dfd-button-link:hover .dfd-button-inner-cover:before,#dfd-button-69e9f4349963f.dfd-button-module-wrap .dfd-button-module.style_4 .dfd-button-link:hover .dfd-button-inner-cover:before,.dfd-button-69e9f4349963f.dfd-button-module-wrap .dfd-button-module.style_3 .dfd-button-link:hover .dfd-button-inner-cover:before,.dfd-button-69e9f4349963f.dfd-button-module-wrap .dfd-button-module.style_4 .dfd-button-link:hover .dfd-button-inner-cover:before {border-style:solid;border-width:1px;border-radius:60px;border-color:#edc84d;}<\/style>\")\r\n\t\t\t\t\t\t\t\t\t})(jQuery);\r\n\t\t\t\t\t\t\t\t<\/script><\/div><div class=\"dfd-spacer-module\"  data-units=\"px\" data-wide_resolution=\"1280\" data-wide_size=\"0\" data-normal_resolution=\"1024\" data-normal_size=\"0\" data-tablet_resolution=\"800\" data-tablet_size=\"0\" data-mobile_resolution=\"480\" data-mobile_size=\"80\" style=\"height: 0px;\"><\/div>[\/vc_column][\/vc_row]<\/p>\n<\/section>","protected":false},"excerpt":{"rendered":"<p>[vc_row][vc_column][\/vc_column][\/vc_row][vc_row][vc_column width=\u00a0\u00bb2\/3&Prime; css=\u00a0\u00bb.vc_custom_1464158618059{margin-bottom: 21px !important;}\u00a0\u00bb][vc_column_text]Le modem capteur BPL 4NQ est con\u00e7u pour \u00eatre install\u00e9 dans les postes de transformation et les distributeurs routiers (cat\u00e9gorie de surtension IV). Sa construction compacte<\/p>\n","protected":false},"author":9,"featured_media":1540,"parent":12746,"menu_order":2,"comment_status":"closed","ping_status":"closed","template":"","meta":{"_links_to":"","_links_to_target":""},"acf":[],"aioseo_notices":[],"_links":{"self":[{"href":"https:\/\/swistec.ch\/fr\/wp-json\/wp\/v2\/pages\/12122"}],"collection":[{"href":"https:\/\/swistec.ch\/fr\/wp-json\/wp\/v2\/pages"}],"about":[{"href":"https:\/\/swistec.ch\/fr\/wp-json\/wp\/v2\/types\/page"}],"author":[{"embeddable":true,"href":"https:\/\/swistec.ch\/fr\/wp-json\/wp\/v2\/users\/9"}],"replies":[{"embeddable":true,"href":"https:\/\/swistec.ch\/fr\/wp-json\/wp\/v2\/comments?post=12122"}],"version-history":[{"count":5,"href":"https:\/\/swistec.ch\/fr\/wp-json\/wp\/v2\/pages\/12122\/revisions"}],"predecessor-version":[{"id":12805,"href":"https:\/\/swistec.ch\/fr\/wp-json\/wp\/v2\/pages\/12122\/revisions\/12805"}],"up":[{"embeddable":true,"href":"https:\/\/swistec.ch\/fr\/wp-json\/wp\/v2\/pages\/12746"}],"wp:featuredmedia":[{"embeddable":true,"href":"https:\/\/swistec.ch\/fr\/wp-json\/wp\/v2\/media\/1540"}],"wp:attachment":[{"href":"https:\/\/swistec.ch\/fr\/wp-json\/wp\/v2\/media?parent=12122"}],"curies":[{"name":"wp","href":"https:\/\/api.w.org\/{rel}","templated":true}]}}