{"id":12301,"date":"2022-04-08T20:13:33","date_gmt":"2022-04-08T20:13:33","guid":{"rendered":"https:\/\/swistec.ch\/?page_id=12301"},"modified":"2022-04-08T20:13:33","modified_gmt":"2022-04-08T20:13:33","slug":"computersdomestique-industriels","status":"publish","type":"page","link":"https:\/\/swistec.ch\/fr\/produits\/smart-meter\/computersdomestique-industriels\/","title":{"rendered":"Compteurs domestiques et industriels"},"content":{"rendered":"<section class=\"wpb-content-wrapper\"><p>[vc_row][vc_column]<div class=\"dfd-heading-shortcode\"><div class=\"dfd-heading-module-wrap  text-left style_01 dfd-heading-69e9f342da81f dfd-disable-resposive-headings\" id=\"dfd-heading-69e9f342da81f\" ><div class=\"inline-block\"><div class=\"dfd-heading-module\"><h2 class=\"widget-title dfd-title \" style=\"\">Compteurs domestiques et industriels<\/h2><h4 class=\"widget-sub-title dfd-sub-title \" style=\"font-family:Noto Sans; font-weight:700; font-style:normal; \">Le comptoir suisse !<\/h4><div class=\"dfd-heading-delimiter dfd-img-lazy-load\"><\/div><\/div><\/div><\/div><script type=\"text\/javascript\">\r\n\t\t\t\t\t\t\t\t\t(function($) {\r\n\t\t\t\t\t\t\t\t\t\t$(\"head\").append(\"<style>.dfd-heading-69e9f342da81f.dfd-heading-module-wrap .dfd-heading-module .dfd-heading-delimiter {border-bottom-style:solid;border-bottom-width:1px;width:100px;border-bottom-color:#dddddd;}.dfd-heading-69e9f342da81f.dfd-heading-module-wrap .dfd-heading-module .dfd-heading-delimiter {margin-top:10px;margin-bottom:10px;}<\/style>\");\r\n\t\t\t\t\t\t\t\t\t})(jQuery);\r\n\t\t\t\t\t\t\t\t<\/script><\/div>[\/vc_column][\/vc_row][vc_row][vc_column css=\u00a0\u00bb.vc_custom_1464158618059{margin-bottom: 21px !important;}\u00a0\u00bb][vc_column_text]Compteur triphas\u00e9 Ensor eRS801 pour le GRD suisse.<\/p>\n<p>D\u00e4 Schwiizer Z\u00e4hler (le compteur suisse) ![\/vc_column_text]<div class=\"dfd-spacer-module\"  data-units=\"px\" data-wide_resolution=\"1280\" data-wide_size=\"35\" data-normal_resolution=\"1024\" data-normal_size=\"35\" data-tablet_resolution=\"800\" data-tablet_size=\"35\" data-mobile_resolution=\"480\" data-mobile_size=\"35\" style=\"height: 35px;\"><\/div>[vc_row_inner][vc_column_inner]<div class=\"dfd-module-wrapper\"><div class=\"dfd-portfolio-loop dfd-portfolio-module  fitRows\" id=\"dfd-portfolio-module-69e9f342daa08\">\r\n\t<div class=\"dfd-portfolio-wrap\">\r\n\t\t\t\t<div class=\"dfd-portfolio dfd-portfolio-fitRows dfd-new-isotope  \"  data-columns=\"4\" data-layout-style=\"fitRows\" data-item=\"project\">\r\n\t\t\t\t\t\t<div class=\"project \" >\r\n\t\t\t\t\t<div class=\"cover text-center\">\r\n\t\t\t\t\t\t\t\t\t\t\t\t<div class=\"entry-thumb \">\r\n\t\t\t\t\t\t\t<img src=\"https:\/\/swistec.ch\/wp-content\/uploads\/produkt-ers801-b-900x600.jpg\" alt=\"Compteur Domestique eRS801\"\/>\r\n\t\t\t\t\t\t\t\t\t\t\t\t\t\t\r\n<div class=\"portfolio-custom-hover\">\r\n\t\t\t\t<div class=\"title-wrap \">\r\n\t\t\t\t\t\t\t\t\t\t\t<\/div>\r\n\t\t<div class=\"dfd-folio-icons-wrap\">\r\n\t\t\t\t\t\t\t<\/div>\r\n<\/div>\r\n\r\n\t\t\t\t\t\t<\/div>\r\n\r\n\r\n\t\t\t\t\t\t<div class=\"dfd-folio-heading-wrap\"><div class=\"dfd-folio-categories\">\r\n\t<span class=\"byline category\">\r\n\t\t<a href=\"https:\/\/swistec.ch\/fr\/my-product_category\/compteurs-domestiques-et-industriels\/\" class=\"fn\" >\r\n\t\t\t<span class=\"cat-name\">Compteurs domestiques et industriels<\/span>\r\n\t\t<\/a>\r\n\t<\/span>\r\n<\/div><div class=\"dfd-blog-title dfd-portfolio-title widget-title\" style=\"\"><a href=\"\/fr\/produits\/smart-meter\/computersdomestique-industriels\/compteur-domestique-ers801\/\" title=\"Compteur Domestique eRS801\">Compteur Domestique eRS801<\/a><\/div><\/div>\r\n\t\t\t\t\t\t\t\t\t\t\t<\/div>\r\n\t\t\t\t<\/div>\r\n\t\t\t\t\t\t\t\t<div class=\"project \" >\r\n\t\t\t\t\t<div class=\"cover text-center\">\r\n\t\t\t\t\t\t\t\t\t\t\t\t<div class=\"entry-thumb \">\r\n\t\t\t\t\t\t\t<img src=\"https:\/\/swistec.ch\/wp-content\/uploads\/produkt-e8-io-boards-b-900x600.jpg\" alt=\"E8 I\/O Boards\"\/>\r\n\t\t\t\t\t\t\t\t\t\t\t\t\t\t\r\n<div class=\"portfolio-custom-hover\">\r\n\t\t\t\t<div class=\"title-wrap \">\r\n\t\t\t\t\t\t\t\t\t\t\t<\/div>\r\n\t\t<div class=\"dfd-folio-icons-wrap\">\r\n\t\t\t\t\t\t\t<\/div>\r\n<\/div>\r\n\r\n\t\t\t\t\t\t<\/div>\r\n\r\n\r\n\t\t\t\t\t\t<div class=\"dfd-folio-heading-wrap\"><div class=\"dfd-folio-categories\">\r\n\t<span class=\"byline category\">\r\n\t\t<a href=\"https:\/\/swistec.ch\/fr\/my-product_category\/compteurs-domestiques-et-industriels\/\" class=\"fn\" >\r\n\t\t\t<span class=\"cat-name\">Compteurs domestiques et industriels<\/span>\r\n\t\t<\/a>\r\n\t<\/span>\r\n<\/div><div class=\"dfd-blog-title dfd-portfolio-title widget-title\" style=\"\"><a href=\"\/fr\/produits\/smart-meter\/computersdomestique-industriels\/e8-i-o-boards\/\" title=\"E8 I\/O Boards\">E8 I\/O Boards<\/a><\/div><\/div>\r\n\t\t\t\t\t\t\t\t\t\t\t<\/div>\r\n\t\t\t\t<\/div>\r\n\t\t\t\t\t\t\t\t<div class=\"project \" >\r\n\t\t\t\t\t<div class=\"cover text-center\">\r\n\t\t\t\t\t\t\t\t\t\t\t\t<div class=\"entry-thumb \">\r\n\t\t\t\t\t\t\t<img src=\"https:\/\/swistec.ch\/wp-content\/uploads\/produkt-s8-520-bpl-modul-b-900x600.jpg\" alt=\"S8-520 BPL Modul\"\/>\r\n\t\t\t\t\t\t\t\t\t\t\t\t\t\t\r\n<div class=\"portfolio-custom-hover\">\r\n\t\t\t\t<div class=\"title-wrap \">\r\n\t\t\t\t\t\t\t\t\t\t\t<\/div>\r\n\t\t<div class=\"dfd-folio-icons-wrap\">\r\n\t\t\t\t\t\t\t<\/div>\r\n<\/div>\r\n\r\n\t\t\t\t\t\t<\/div>\r\n\r\n\r\n\t\t\t\t\t\t<div class=\"dfd-folio-heading-wrap\"><div class=\"dfd-folio-categories\">\r\n\t<span class=\"byline category\">\r\n\t\t<a href=\"https:\/\/swistec.ch\/fr\/my-product_category\/breitband-powerline-fr\/\" class=\"fn\" >\r\n\t\t\t<span class=\"cat-name\">Breitband Powerline<\/span>\r\n\t\t<\/a>\r\n\t<\/span>\r\n<\/div><div class=\"dfd-blog-title dfd-portfolio-title widget-title\" style=\"\"><a href=\"\/fr\/produits\/communication\/breitband-powerline\/s8-520-bpl-modul\/\" title=\"S8-520 BPL Modul\">S8-520 BPL Modul<\/a><\/div><\/div>\r\n\t\t\t\t\t\t\t\t\t\t\t<\/div>\r\n\t\t\t\t<\/div>\r\n\t\t\t\t\t\t\t\t<div class=\"project \" >\r\n\t\t\t\t\t<div class=\"cover text-center\">\r\n\t\t\t\t\t\t\t\t\t\t\t\t<div class=\"entry-thumb \">\r\n\t\t\t\t\t\t\t<img src=\"https:\/\/swistec.ch\/wp-content\/uploads\/produkt-4g-lte-modul-m8-100-b-900x600.jpg\" alt=\"4G\/LTE Modul M8-100\"\/>\r\n\t\t\t\t\t\t\t\t\t\t\t\t\t\t\r\n<div class=\"portfolio-custom-hover\">\r\n\t\t\t\t<div class=\"title-wrap \">\r\n\t\t\t\t\t\t\t\t\t\t\t<\/div>\r\n\t\t<div class=\"dfd-folio-icons-wrap\">\r\n\t\t\t\t\t\t\t<\/div>\r\n<\/div>\r\n\r\n\t\t\t\t\t\t<\/div>\r\n\r\n\r\n\t\t\t\t\t\t<div class=\"dfd-folio-heading-wrap\"><div class=\"dfd-folio-categories\">\r\n\t<span class=\"byline category\">\r\n\t\t<a href=\"https:\/\/swistec.ch\/fr\/my-product_category\/compteurs-domestiques-et-industriels\/\" class=\"fn\" >\r\n\t\t\t<span class=\"cat-name\">Compteurs domestiques et industriels<\/span>\r\n\t\t<\/a>\r\n\t<\/span>\r\n<\/div><div class=\"dfd-blog-title dfd-portfolio-title widget-title\" style=\"\"><a href=\"\/fr\/produits\/smart-meter\/computersdomestique-industriels\/4g-lte-modul-m8-100\/\" title=\"4G\/LTE Modul M8-100\">4G\/LTE Modul M8-100<\/a><\/div><\/div>\r\n\t\t\t\t\t\t\t\t\t\t\t<\/div>\r\n\t\t\t\t<\/div>\r\n\t\t\t\t\t\t\t\t<div class=\"project \" >\r\n\t\t\t\t\t<div class=\"cover text-center\">\r\n\t\t\t\t\t\t\t\t\t\t\t\t<div class=\"entry-thumb \">\r\n\t\t\t\t\t\t\t<img src=\"https:\/\/swistec.ch\/wp-content\/uploads\/produkt-4g-lte-modul-m8-100-b-900x600.jpg\" alt=\"LTE-M Modul M8-110 CAT-M1\"\/>\r\n\t\t\t\t\t\t\t\t\t\t\t\t\t\t\r\n<div class=\"portfolio-custom-hover\">\r\n\t\t\t\t<div class=\"title-wrap \">\r\n\t\t\t\t\t\t\t\t\t\t\t<\/div>\r\n\t\t<div class=\"dfd-folio-icons-wrap\">\r\n\t\t\t\t\t\t\t<\/div>\r\n<\/div>\r\n\r\n\t\t\t\t\t\t<\/div>\r\n\r\n\r\n\t\t\t\t\t\t<div class=\"dfd-folio-heading-wrap\"><div class=\"dfd-folio-categories\">\r\n\t<span class=\"byline category\">\r\n\t\t<a href=\"https:\/\/swistec.ch\/fr\/my-product_category\/compteurs-domestiques-et-industriels\/\" class=\"fn\" >\r\n\t\t\t<span class=\"cat-name\">Compteurs domestiques et industriels<\/span>\r\n\t\t<\/a>\r\n\t<\/span>\r\n<\/div><div class=\"dfd-blog-title dfd-portfolio-title widget-title\" style=\"\"><a href=\"\/fr\/produits\/smart-meter\/computersdomestique-industriels\/lte-m-modul-m8-110-cat-m1\/\" title=\"LTE-M Modul M8-110 CAT-M1\">LTE-M Modul M8-110 CAT-M1<\/a><\/div><\/div>\r\n\t\t\t\t\t\t\t\t\t\t\t<\/div>\r\n\t\t\t\t<\/div>\r\n\t\t\t\t\t\t\t\t<div class=\"project \" >\r\n\t\t\t\t\t<div class=\"cover text-center\">\r\n\t\t\t\t\t\t\t\t\t\t\t\t<div class=\"entry-thumb \">\r\n\t\t\t\t\t\t\t<img src=\"https:\/\/swistec.ch\/wp-content\/uploads\/produkt-lwl-ethernet-modul-m8-340-b-900x600.jpg\" alt=\"LWL\/Ethernet Modul M8-340\"\/>\r\n\t\t\t\t\t\t\t\t\t\t\t\t\t\t\r\n<div class=\"portfolio-custom-hover\">\r\n\t\t\t\t<div class=\"title-wrap \">\r\n\t\t\t\t\t\t\t\t\t\t\t<\/div>\r\n\t\t<div class=\"dfd-folio-icons-wrap\">\r\n\t\t\t\t\t\t\t<\/div>\r\n<\/div>\r\n\r\n\t\t\t\t\t\t<\/div>\r\n\r\n\r\n\t\t\t\t\t\t<div class=\"dfd-folio-heading-wrap\"><div class=\"dfd-folio-categories\">\r\n\t<span class=\"byline category\">\r\n\t\t<a href=\"https:\/\/swistec.ch\/fr\/my-product_category\/compteurs-domestiques-et-industriels\/\" class=\"fn\" >\r\n\t\t\t<span class=\"cat-name\">Compteurs domestiques et industriels<\/span>\r\n\t\t<\/a>\r\n\t<\/span>\r\n<\/div><div class=\"dfd-blog-title dfd-portfolio-title widget-title\" style=\"\"><a href=\"\/fr\/produits\/smart-meter\/computersdomestique-industriels\/lwl-ethernet-modul-m8-340\/\" title=\"LWL\/Ethernet Modul M8-340\">LWL\/Ethernet Modul M8-340<\/a><\/div><\/div>\r\n\t\t\t\t\t\t\t\t\t\t\t<\/div>\r\n\t\t\t\t<\/div>\r\n\t\t\t\t\t\t<\/div>\r\n\t<\/div>\r\n<\/div><script type=\"text\/javascript\">\r\n\t\t\t\t\t\t\t\t(function($) {$(\"head\").append(\"<style>#dfd-portfolio-module-69e9f342daa08 .dfd-portfolio {margin: -10px;}#dfd-portfolio-module-69e9f342daa08 .dfd-portfolio .cover {padding: 10px;}#dfd-portfolio-module-69e9f342daa08.dfd-portfolio-loop .dfd-portfolio .project .cover .dfd-folio-heading-wrap {left: 10px;right: 10px;}<\/style>\");if(typeof jQuery.fn.initTaxonomyIsotope !== \"undefined\") {\r\n\t\t\t\t\tjQuery(\"#dfd-portfolio-module-69e9f342daa08 .dfd-new-isotope\").initTaxonomyIsotope();\r\n\t\t\t\t}})(jQuery);\r\n\t\t\t\t\t\t\t<\/script><\/div>[\/vc_column_inner][\/vc_row_inner][\/vc_column][\/vc_row][vc_row bg_check=\u00a0\u00bbrow-background-dark\u00a0\u00bb force_equal_height_columns=\u00a0\u00bbmain_row\u00a0\u00bb mobile_destroy_equal_heights_resolution=\u00a0\u00bb799&Prime; dfd_row_config=\u00a0\u00bbfull_width_content_paddings\u00a0\u00bb dfd_row_responsive_enable=\u00a0\u00bbdfd-row-responsive-enable\u00a0\u00bb css=\u00a0\u00bb.vc_custom_1629214208006{margin-top: 30px !important;margin-bottom: 30px !important;}\u00a0\u00bb responsive_styles=\u00a0\u00bbpadding_left_desktop:10|padding_right_desktop:10|padding_left_tablet:10|padding_right_tablet:10|padding_left_mobile:10|padding_right_mobile:10&Prime; mobile_destroy_equal_heights=\u00a0\u00bbyes\u00a0\u00bb][vc_column width=\u00a0\u00bb2\/3&Prime; css=\u00a0\u00bb.vc_custom_1629214235610{padding-left: 20px !important;background-color: #325a7e !important;}\u00a0\u00bb col_shadow=\u00a0\u00bbbox_shadow_enable:disable|shadow_horizontal:0|shadow_vertical:15|shadow_blur:50|shadow_spread:0|box_shadow_color:rgba(0%2C0%2C0%2C0.35)\u00a0\u00bb col_shadow_hover=\u00a0\u00bbbox_shadow_enable:disable|shadow_horizontal:0|shadow_vertical:15|shadow_blur:50|shadow_spread:0|box_shadow_color:rgba(0%2C0%2C0%2C0.35)\u00a0\u00bb]<div class=\"dfd-spacer-module\"  data-units=\"px\" data-wide_resolution=\"1280\" data-wide_size=\"35\" data-normal_resolution=\"1024\" data-normal_size=\"35\" data-tablet_resolution=\"800\" data-tablet_size=\"40\" data-mobile_resolution=\"480\" data-mobile_size=\"80\" style=\"height: 35px;\"><\/div><div class=\"dfd-heading-shortcode\"><div class=\"dfd-heading-module-wrap  text-left style_01 cr-animate-gen dfd-heading-69e9f342eb48c dfd-disable-resposive-headings\" id=\"dfd-heading-69e9f342eb48c\" data-animate-type = \"transition.expandIn\" ><div class=\"inline-block\"><div class=\"dfd-heading-module\"><h3 class=\"widget-title dfd-title \" style=\"font-size: 20px; line-height: 35px; letter-spacing: 6px; \">FORMATIONS<\/h3><h3 class=\"widget-sub-title dfd-sub-title \" style=\"font-family:Raleway; font-weight:300; font-style:normal; font-size: 18px; line-height: 27px; \">Formations continues et cours de Swistec - Informez-vous sur notre programme de formation actuel et sur les dates de formation<\/h3><\/div><\/div><\/div><script type=\"text\/javascript\">\r\n\t\t\t\t\t\t\t\t\t(function($) {\r\n\t\t\t\t\t\t\t\t\t\t$(\"head\").append(\"<style>.dfd-heading-69e9f342eb48c.dfd-heading-module-wrap .dfd-heading-module .dfd-heading-delimiter {margin-top:10px;margin-bottom:10px;}@media (max-width: 1279px) and (min-width: 1024px){.dfd-heading-69e9f342eb48c .dfd-title{letter-spacing: 5px !important;}}@media (max-width: 1023px) and (min-width: 800px){.dfd-heading-69e9f342eb48c .dfd-title{letter-spacing: 1px !important;}}@media (max-width: 799px){.dfd-heading-69e9f342eb48c .dfd-title{font-size: 20px !important;letter-spacing: 3px !important;line-height: 30px !important;}}@media (max-width: 1023px) and (min-width: 800px){.dfd-heading-69e9f342eb48c .dfd-sub-title{font-size: 17px !important;}}@media only screen and (max-width: 799px) {.dfd-heading-69e9f342eb48c {text-align: center;}}<\/style>\");\r\n\t\t\t\t\t\t\t\t\t})(jQuery);\r\n\t\t\t\t\t\t\t\t<\/script><\/div><div class=\"dfd-spacer-module\"  data-units=\"px\" data-wide_resolution=\"1280\" data-wide_size=\"35\" data-normal_resolution=\"1024\" data-normal_size=\"35\" data-tablet_resolution=\"800\" data-tablet_size=\"40\" data-mobile_resolution=\"480\" data-mobile_size=\"40\" style=\"height: 35px;\"><\/div>[\/vc_column][vc_column width=\u00a0\u00bb1\/3&Prime; css=\u00a0\u00bb.vc_custom_1629214142546{background-color: #325a7e !important;}\u00a0\u00bb col_shadow=\u00a0\u00bbbox_shadow_enable:disable|shadow_horizontal:0|shadow_vertical:15|shadow_blur:50|shadow_spread:0|box_shadow_color:rgba(0%2C0%2C0%2C0.35)\u00a0\u00bb col_shadow_hover=\u00a0\u00bbbox_shadow_enable:disable|shadow_horizontal:0|shadow_vertical:15|shadow_blur:50|shadow_spread:0|box_shadow_color:rgba(0%2C0%2C0%2C0.35)\u00a0\u00bb]<div id=\"dfd-button-69e9f342eb5f8\" class=\"dfd-button-module-wrap dfd-button-69e9f342eb5f8\"><div class=\"dfd-button-module  style_1 text-center dfd-horizontal dfd-top-to-bottom dfd-button-icon-left dfd-button-icon-hover-simple\" ><a href=\"https:\/\/swistec.ch\/schulungen\/\" title=\"Schulungen\" class=\"dfd-button-link\"><span class=\"dfd-button-inner-cover\"><span class=\"dfd-button-text-main\">APPRENDRE ENCORE PLUS ... <\/span><\/span><\/a><\/div><script type=\"text\/javascript\">\r\n\t\t\t\t\t\t\t\t\t(function($) {$(\"head\").append(\"<style>#dfd-button-69e9f342eb5f8.dfd-button-module-wrap .dfd-button-module .dfd-button-link .dfd-button-inner-cover .dfd-button-text-main, .dfd-button-69e9f342eb5f8.dfd-button-module-wrap .dfd-button-module .dfd-button-link .dfd-button-inner-cover .dfd-button-text-main, .dfd-button-69e9f342eb5f8.dfd-button-module-wrap .dfd-button-module .dfd-button-link .dfd-button-inner-cover .dfd-button-text-hover, #dfd-button-69e9f342eb5f8.dfd-button-module-wrap .dfd-button-module .dfd-button-link .dfd-button-inner-cover .dfd-button-text-hover {padding-left: 30px;}#dfd-button-69e9f342eb5f8.dfd-button-module-wrap .dfd-button-module .dfd-button-link .dfd-button-inner-cover .dfd-button-text-main, .dfd-button-69e9f342eb5f8.dfd-button-module-wrap .dfd-button-module .dfd-button-link .dfd-button-inner-cover .dfd-button-text-main, .dfd-button-69e9f342eb5f8.dfd-button-module-wrap .dfd-button-module .dfd-button-link .dfd-button-inner-cover .dfd-button-text-hover, #dfd-button-69e9f342eb5f8.dfd-button-module-wrap .dfd-button-module .dfd-button-link .dfd-button-inner-cover .dfd-button-text-hover {padding-right: 30px;}#dfd-button-69e9f342eb5f8.dfd-button-module-wrap .dfd-button-module .dfd-button-link .dfd-button-inner-cover .dfd-button-text-main, .dfd-button-69e9f342eb5f8.dfd-button-module-wrap .dfd-button-module .dfd-button-link .dfd-button-inner-cover .dfd-button-text-main, .dfd-button-69e9f342eb5f8.dfd-button-module-wrap .dfd-button-module .dfd-button-link .dfd-button-inner-cover .dfd-button-text-hover, #dfd-button-69e9f342eb5f8.dfd-button-module-wrap .dfd-button-module .dfd-button-link .dfd-button-inner-cover .dfd-button-text-hover {line-height: 48px; letter-spacing: 2px; }#dfd-button-69e9f342eb5f8.dfd-button-module-wrap .dfd-button-module .dfd-button-link .dfd-button-inner-cover .dfd-button-text-main,.dfd-button-69e9f342eb5f8.dfd-button-module-wrap .dfd-button-module .dfd-button-link .dfd-button-inner-cover .dfd-button-text-main {color: #4f8fcc}#dfd-button-69e9f342eb5f8.dfd-button-module-wrap .dfd-button-module .dfd-button-link .dfd-button-inner-cover,.dfd-button-69e9f342eb5f8.dfd-button-module-wrap .dfd-button-module .dfd-button-link .dfd-button-border-decoration,.dfd-button-69e9f342eb5f8.dfd-button-module-wrap .dfd-button-module .dfd-button-link .dfd-button-inner-cover {border-radius:60px;}#dfd-button-69e9f342eb5f8.dfd-button-module-wrap .dfd-button-module:not(.style_4) .dfd-button-link .dfd-button-inner-cover:before,#dfd-button-69e9f342eb5f8.dfd-button-module-wrap .dfd-button-module.style_4 .dfd-button-link .dfd-button-inner-cover:after,#dfd-button-69e9f342eb5f8.dfd-button-module-wrap .dfd-button-module.style_6 .dfd-button-link .dfd-button-inner-cover .dfd-button-text-main,.dfd-button-69e9f342eb5f8.dfd-button-module-wrap .dfd-button-module:not(.style_4) .dfd-button-link .dfd-button-inner-cover:before,.dfd-button-69e9f342eb5f8.dfd-button-module-wrap .dfd-button-module.style_4 .dfd-button-link .dfd-button-inner-cover:after,.dfd-button-69e9f342eb5f8.dfd-button-module-wrap .dfd-button-module.style_6 .dfd-button-link .dfd-button-inner-cover .dfd-button-text-main {background: #ffffff;border-style:solid;border-width:1px;border-radius:60px;border-color:#e0e0e0;}#dfd-button-69e9f342eb5f8.dfd-button-module-wrap .dfd-button-module:not(.style_6) .dfd-button-link:hover .dfd-button-inner-cover .dfd-button-text-main,#dfd-button-69e9f342eb5f8.dfd-button-module-wrap .dfd-button-module .dfd-button-link .dfd-button-inner-cover .dfd-button-text-hover,.dfd-button-69e9f342eb5f8.dfd-button-module-wrap .dfd-button-module:not(.style_6) .dfd-button-link:hover .dfd-button-inner-cover .dfd-button-text-main,.dfd-button-69e9f342eb5f8.dfd-button-module-wrap .dfd-button-module .dfd-button-link .dfd-button-inner-cover .dfd-button-text-hover {color: #ffffff;}#dfd-button-69e9f342eb5f8.dfd-button-module-wrap .dfd-button-module .dfd-button-link:hover .dfd-button-inner-cover,.dfd-button-69e9f342eb5f8.dfd-button-module-wrap .dfd-button-module .dfd-button-link:hover .dfd-button-border-decoration,.dfd-button-69e9f342eb5f8.dfd-button-module-wrap .dfd-button-module .dfd-button-link:hover .dfd-button-inner-cover {border-radius:60px;}#dfd-button-69e9f342eb5f8.dfd-button-module-wrap .dfd-button-module:not(.style_4) .dfd-button-link .dfd-button-inner-cover:after,#dfd-button-69e9f342eb5f8.dfd-button-module-wrap .dfd-button-module.style_4 .dfd-button-link .dfd-button-inner-cover:before,#dfd-button-69e9f342eb5f8.dfd-button-module-wrap .dfd-button-module .dfd-button-link .dfd-button-inner-cover .dfd-button-text-hover .dfd-button-69e9f342eb5f8.dfd-button-module-wrap .dfd-button-module:not(.style_4) .dfd-button-link .dfd-button-inner-cover:after,.dfd-button-69e9f342eb5f8.dfd-button-module-wrap .dfd-button-module.style_4 .dfd-button-link .dfd-button-inner-cover:before,.dfd-button-69e9f342eb5f8.dfd-button-module-wrap .dfd-button-module .dfd-button-link .dfd-button-inner-cover .dfd-button-text-hover {background: #e4003a;border-style:solid;border-width:1px;border-radius:60px;border-color:#edc84d;}#dfd-button-69e9f342eb5f8.dfd-button-module-wrap .dfd-button-module.style_3 .dfd-button-link:hover .dfd-button-inner-cover:before,#dfd-button-69e9f342eb5f8.dfd-button-module-wrap .dfd-button-module.style_4 .dfd-button-link:hover .dfd-button-inner-cover:before,.dfd-button-69e9f342eb5f8.dfd-button-module-wrap .dfd-button-module.style_3 .dfd-button-link:hover .dfd-button-inner-cover:before,.dfd-button-69e9f342eb5f8.dfd-button-module-wrap .dfd-button-module.style_4 .dfd-button-link:hover .dfd-button-inner-cover:before {border-style:solid;border-width:1px;border-radius:60px;border-color:#edc84d;}<\/style>\")\r\n\t\t\t\t\t\t\t\t\t})(jQuery);\r\n\t\t\t\t\t\t\t\t<\/script><\/div><div class=\"dfd-spacer-module\"  data-units=\"px\" data-wide_resolution=\"1280\" data-wide_size=\"0\" data-normal_resolution=\"1024\" data-normal_size=\"0\" data-tablet_resolution=\"800\" data-tablet_size=\"0\" data-mobile_resolution=\"480\" data-mobile_size=\"80\" style=\"height: 0px;\"><\/div>[\/vc_column][\/vc_row]<\/p>\n<\/section>","protected":false},"excerpt":{"rendered":"<p>[vc_row][vc_column][\/vc_column][\/vc_row][vc_row][vc_column css=\u00a0\u00bb.vc_custom_1464158618059{margin-bottom: 21px !important;}\u00a0\u00bb][vc_column_text]Compteur triphas\u00e9 Ensor eRS801 pour le GRD suisse. D\u00e4 Schwiizer Z\u00e4hler (le compteur suisse) ![\/vc_column_text][vc_row_inner][vc_column_inner][\/vc_column_inner][\/vc_row_inner][\/vc_column][\/vc_row][vc_row bg_check=\u00a0\u00bbrow-background-dark\u00a0\u00bb force_equal_height_columns=\u00a0\u00bbmain_row\u00a0\u00bb mobile_destroy_equal_heights_resolution=\u00a0\u00bb799&Prime; dfd_row_config=\u00a0\u00bbfull_width_content_paddings\u00a0\u00bb dfd_row_responsive_enable=\u00a0\u00bbdfd-row-responsive-enable\u00a0\u00bb css=\u00a0\u00bb.vc_custom_1629214208006{margin-top: 30px !important;margin-bottom: 30px !important;}\u00a0\u00bb responsive_styles=\u00a0\u00bbpadding_left_desktop:10|padding_right_desktop:10|padding_left_tablet:10|padding_right_tablet:10|padding_left_mobile:10|padding_right_mobile:10&Prime; mobile_destroy_equal_heights=\u00a0\u00bbyes\u00a0\u00bb][vc_column<\/p>\n","protected":false},"author":9,"featured_media":1540,"parent":12198,"menu_order":2,"comment_status":"closed","ping_status":"closed","template":"","meta":{"_links_to":"","_links_to_target":""},"acf":[],"aioseo_notices":[],"_links":{"self":[{"href":"https:\/\/swistec.ch\/fr\/wp-json\/wp\/v2\/pages\/12301"}],"collection":[{"href":"https:\/\/swistec.ch\/fr\/wp-json\/wp\/v2\/pages"}],"about":[{"href":"https:\/\/swistec.ch\/fr\/wp-json\/wp\/v2\/types\/page"}],"author":[{"embeddable":true,"href":"https:\/\/swistec.ch\/fr\/wp-json\/wp\/v2\/users\/9"}],"replies":[{"embeddable":true,"href":"https:\/\/swistec.ch\/fr\/wp-json\/wp\/v2\/comments?post=12301"}],"version-history":[{"count":3,"href":"https:\/\/swistec.ch\/fr\/wp-json\/wp\/v2\/pages\/12301\/revisions"}],"predecessor-version":[{"id":12904,"href":"https:\/\/swistec.ch\/fr\/wp-json\/wp\/v2\/pages\/12301\/revisions\/12904"}],"up":[{"embeddable":true,"href":"https:\/\/swistec.ch\/fr\/wp-json\/wp\/v2\/pages\/12198"}],"wp:featuredmedia":[{"embeddable":true,"href":"https:\/\/swistec.ch\/fr\/wp-json\/wp\/v2\/media\/1540"}],"wp:attachment":[{"href":"https:\/\/swistec.ch\/fr\/wp-json\/wp\/v2\/media?parent=12301"}],"curies":[{"name":"wp","href":"https:\/\/api.w.org\/{rel}","templated":true}]}}