{"id":1814,"date":"2016-01-04T16:11:14","date_gmt":"2016-01-04T16:11:14","guid":{"rendered":"https:\/\/swistec.ch\/fr\/support\/"},"modified":"2016-09-08T13:50:14","modified_gmt":"2016-09-08T13:50:14","slug":"support","status":"publish","type":"page","link":"https:\/\/swistec.ch\/fr\/support\/","title":{"rendered":"Support"},"content":{"rendered":"<section class=\"wpb-content-wrapper\"><p>[vc_row][vc_column css=\u00a0\u00bb.vc_custom_1464633149753{margin-bottom: 15px !important;}\u00a0\u00bb][vc_custom_heading text=\u00a0\u00bbAvec une installation de t\u00e9l\u00e9commande centralis\u00e9e de Swistec, vous profitez de notre service complet.\u00a0\u00bb font_container=\u00a0\u00bbtag:h1|text_align:left\u00a0\u00bb use_theme_fonts=\u00a0\u00bbyes\u00a0\u00bb][\/vc_column][\/vc_row][vc_row][vc_column][vc_column_text]<strong>Les sp\u00e9cialistes en t\u00e9l\u00e9commande centralis\u00e9e Swistec offrent la meilleure consultation \u2013 en Suisse et au niveau international.<\/strong><\/p>\n<p>Notre service en ligne est \u00e0 votre disposition gratuitement du lundi au vendredi pendant les heures de bureau.<\/p>\n<p><strong>Swistec Systems AG<\/strong><br \/>\nAllmendstrasse 30<br \/>\nCase postale 182<br \/>\nCH-8320 Fehraltorf<\/p>\n<p>T\u00e9l\u00e9phone +41 43 355 70 50<br \/>\nT\u00e9l\u00e9fax +41 43 355 70 51<\/p>\n<p>Swistec Systems AG (en Suisse) et Swistec GmbH (en Allemagne) ont le m\u00eame souci de perfection dans le domaine de la t\u00e9l\u00e9commande centralis\u00e9e:<\/p>\n<ul>\n<li>intransigeance sur la fiabilit\u00e9<\/li>\n<li>pr\u00e9cision et authenticit\u00e9<\/li>\n<li>compatibilit\u00e9 et s\u00e9curit\u00e9<\/li>\n<\/ul>\n<p>Dans le site de Swistec, la technologie la plus moderne joue parfaitement ensemble avec la tradition vieille.<\/p>\n<p>La comp\u00e9tence professionnelle et la motivation exceptionnelle de nos collaborateurs sont garants de la haute qualit\u00e9 de nos produits. Les vertus bien suisses telles que fiabilit\u00e9, pr\u00e9cision, s\u00e9curit\u00e9 et authenticit\u00e9 nous tiennent particuli\u00e8rement \u00e0 c\u0153ur. Prenez contact avec nous, nos\u00a0<a href=\"https:\/\/swistec.ch\/fr\/mitarbeiter\/\">collaborateurs<\/a>\u00a0se r\u00e9jouiront de votre appel!<\/p>\n<hr \/>\n<h3>Service de piquet<\/h3>\n<p>En cas d\u2019un d\u00e9rangement sur votre installation de t\u00e9l\u00e9commande centralis\u00e9e n\u2019h\u00e9sitez pas \u00e0 avertir notre service de piquet 24 heures sur 24, 7 jours sur 7. Ce service est \u00e9galement \u00e0 votre disposition si des syst\u00e8mes de t\u00e9l\u00e9commande centralis\u00e9e d\u2019autres fournisseurs sont affect\u00e9s.<\/p>\n<h3>Num\u00e9ro du service de piquet: 0840 11 22 33<\/h3>\n<p>Nous r\u00e9pondons \u00e0 vos appels 24 heures sur 24, 7 jours sur 7.[\/vc_column_text][\/vc_column][\/vc_row][vc_row][vc_column][vc_separator color=\u00a0\u00bbcustom\u00a0\u00bb style=\u00a0\u00bbdotted\u00a0\u00bb][\/vc_column][\/vc_row][vc_row][vc_column][vc_cta h2=\u00a0\u00bbDownloads\u00a0\u00bb h4=\u00a0\u00bbDocuments avec des informations suppl\u00e9mentaires\u00a0\u00bb add_button=\u00a0\u00bbbottom\u00a0\u00bb btn_title=\u00a0\u00bbEn savoir plus &#8230;\u00a0\u00bb btn_color=\u00a0\u00bbprimary\u00a0\u00bb btn_i_icon_fontawesome=\u00a0\u00bbfa fa-download\u00a0\u00bb btn_link=\u00a0\u00bburl:https%3A%2F%2Fswistec.ch%2Ffr%2Fdownloads%2F|||\u00a0\u00bb btn_add_icon=\u00a0\u00bbtrue\u00a0\u00bb]<span id=\"result_box\" class=\"\" lang=\"fr\">Dans notre zone de t\u00e9l\u00e9chargement (Downloads), vous trouverez divers documents avec des informations suppl\u00e9mentaires sur nos services et <span class=\"\">produits<\/span><\/span>.[\/vc_cta][\/vc_column][\/vc_row]<\/p>\n<\/section>","protected":false},"excerpt":{"rendered":"<p>[vc_row][vc_column css=\u00a0\u00bb.vc_custom_1464633149753{margin-bottom: 15px !important;}\u00a0\u00bb][vc_custom_heading text=\u00a0\u00bbAvec une installation de t\u00e9l\u00e9commande centralis\u00e9e de Swistec, vous profitez de notre service complet.\u00a0\u00bb font_container=\u00a0\u00bbtag:h1|text_align:left\u00a0\u00bb use_theme_fonts=\u00a0\u00bbyes\u00a0\u00bb][\/vc_column][\/vc_row][vc_row][vc_column][vc_column_text]Les sp\u00e9cialistes en t\u00e9l\u00e9commande centralis\u00e9e Swistec offrent la meilleure consultation \u2013<\/p>\n","protected":false},"author":4,"featured_media":1540,"parent":0,"menu_order":2,"comment_status":"closed","ping_status":"closed","template":"","meta":{"_links_to":"","_links_to_target":""},"acf":[],"aioseo_notices":[],"_links":{"self":[{"href":"https:\/\/swistec.ch\/fr\/wp-json\/wp\/v2\/pages\/1814"}],"collection":[{"href":"https:\/\/swistec.ch\/fr\/wp-json\/wp\/v2\/pages"}],"about":[{"href":"https:\/\/swistec.ch\/fr\/wp-json\/wp\/v2\/types\/page"}],"author":[{"embeddable":true,"href":"https:\/\/swistec.ch\/fr\/wp-json\/wp\/v2\/users\/4"}],"replies":[{"embeddable":true,"href":"https:\/\/swistec.ch\/fr\/wp-json\/wp\/v2\/comments?post=1814"}],"version-history":[{"count":4,"href":"https:\/\/swistec.ch\/fr\/wp-json\/wp\/v2\/pages\/1814\/revisions"}],"predecessor-version":[{"id":3057,"href":"https:\/\/swistec.ch\/fr\/wp-json\/wp\/v2\/pages\/1814\/revisions\/3057"}],"wp:featuredmedia":[{"embeddable":true,"href":"https:\/\/swistec.ch\/fr\/wp-json\/wp\/v2\/media\/1540"}],"wp:attachment":[{"href":"https:\/\/swistec.ch\/fr\/wp-json\/wp\/v2\/media?parent=1814"}],"curies":[{"name":"wp","href":"https:\/\/api.w.org\/{rel}","templated":true}]}}