{"id":1918,"date":"2016-05-30T17:35:33","date_gmt":"2016-05-30T17:35:33","guid":{"rendered":"https:\/\/swistec.ch\/fr\/impressum\/"},"modified":"2018-06-14T16:01:55","modified_gmt":"2018-06-14T16:01:55","slug":"impressum","status":"publish","type":"page","link":"https:\/\/swistec.ch\/fr\/impressum\/","title":{"rendered":"Impressum"},"content":{"rendered":"<section class=\"wpb-content-wrapper\"><p>[vc_row][vc_column width=\u00a0\u00bb1\/3&Prime;][vc_column_text]<\/p>\n<h3>Propri\u00e9taire du domaine<\/h3>\n<p><strong>Swistec Systems AG<\/strong><br \/>\nAllmendstrasse 30<br \/>\nCH-8320 Fehraltorf<br \/>\nT\u00e9l\u00e9phone +41 43 355 70 50<br \/>\nT\u00e9l\u00e9fax\u00a0+41 43 355 70 51<br \/>\n<a href=\"mail&#116;&#111;&#58;&#105;&#110;&#102;&#111;&#x40;&#x73;&#x77;&#x69;&#x73;&#x74;&#x65;&#x63;&#x2e;ch\">&#x69;&#x6e;&#x66;&#x6f;&#64;&#115;wis&#x74;&#x65;&#x63;&#x2e;&#99;&#104;<\/a><\/p>\n<h4>Direction de l&rsquo;entreprise<\/h4>\n<p>Adrian Toller[\/vc_column_text][\/vc_column][vc_column width=\u00a0\u00bb1\/3&Prime;][vc_column_text]<\/p>\n<h3>Service de presse<\/h3>\n<p>Pavlina Bolliger<br \/>\nT\u00e9l\u00e9phone +41 43 355 70 60<br \/>\nT\u00e9l\u00e9fax +41 43 355 70 51<br \/>\nE-Mail <a href=\"&#109;&#x61;&#105;&#x6c;&#116;&#x6f;&#58;&#x69;&#110;&#x66;&#111;&#x40;s&#x77;i&#x73;t&#x65;c&#x2e;c&#x68;\">&#105;&#110;&#x66;o&#64;&#x73;&#x77;i&#115;&#x74;&#x65;c&#46;&#x63;&#x68;<\/a>[\/vc_column_text][\/vc_column][vc_column width=\u00a0\u00bb1\/3&Prime;][vc_column_text]<\/p>\n<h3 class=\"Textk\u00f6rper-3-P\">D\u00e9veloppeur Web<\/h3>\n<p class=\"Textk\u00f6rper-3-P\">Medienagentur Aquablues, Dinhard<br \/>\n<a href=\"http:\/\/www.aquablues.ch\/\" target=\"_blank\" rel=\"noopener\">www.aquablues.ch<\/a><\/p>\n<p>[\/vc_column_text][\/vc_column][\/vc_row][vc_row][vc_column][vc_separator color=\u00a0\u00bbcustom\u00a0\u00bb style=\u00a0\u00bbdotted\u00a0\u00bb accent_color=\u00a0\u00bb#4b90c8&Prime;][\/vc_column][\/vc_row][vc_row][vc_column][vc_column_text]<\/p>\n<div class=\"entry clearfix\">\n<h3>Mentiones l\u00e9gales<\/h3>\n<p>Les personnes qui acc\u00e8dent au site web de Swistec Systems AG d\u00e9clarent accepter les conditions suivantes.<\/p>\n<h5>Pr\u00e9ambule<\/h5>\n<p>Le site web de Swistec Systems AG offre un portail Internet professionnel et attirant. Il pr\u00e9sente des informations importantes sur Swistec Systems AG, ses services, ses partenaires et des nouveaut\u00e9s.<\/p>\n<h5>Utilisation du site web \/ Limitation de la responsabilit\u00e9<\/h5>\n<p>Swistec Systems AG entretient son site web en accordant une importance toute particuli\u00e8re \u00e0 la qualit\u00e9, l\u2019int\u00e9gralit\u00e9 et la s\u00e9curit\u00e9 des informations y figurant. De plus, elle prend les mesures raisonnablement possibles pour assurer le bon fonctionnement de son site web. N\u00e9anmoins, Swistec Systems AG ne peut garantir l\u2019exactitude, la fiabilit\u00e9 et l\u2019int\u00e9gralit\u00e9 des informations, images, documents, logiciels et autres donn\u00e9es y figurant. En outre, des d\u00e9faillances du syst\u00e8me telles que des interruptions, des attaques par des virus ou des pertes de donn\u00e9es ne peuvent pas \u00eatre exclues.<\/p>\n<p>En aucun cas, notamment en cas de n\u00e9gligence, Swistec Systems AG ne pourra \u00eatre tenue responsable de dommages directs, indirects ou cons\u00e9cutifs r\u00e9sultant de la consultation, l\u2019exploration, l\u2019utilisation ou l\u2019impossibilit\u00e9 d\u2019utilisation de son site web.<\/p>\n<p>Swistec Systems AG se r\u00e9serve le droit de compl\u00e9ter, modifier ou supprimer son site web ainsi que les informations qui y sont publi\u00e9es en tout temps et sans avis pr\u00e9alable.<\/p>\n<h5>Liens<\/h5>\n<p>Swistec Systems AG n\u2019a aucune influence sur les informations accessibles via des liens externes menant \u00e0 d\u2019autres sites web, et rejette donc toute responsabilit\u00e9 quant aux sites Internet de tiers.<\/p>\n<h5>Utilisation du site web \/ Droit d\u2019auteur<\/h5>\n<p>L\u2019ensemble des \u00e9l\u00e9ments du site web de Swistec Systems AG (y compris les photos et repr\u00e9sentations graphiques) est notamment prot\u00e9g\u00e9 par la l\u00e9gislation sur la propri\u00e9t\u00e9 intellectuelle et en particulier par celle relative au droit d\u2019auteur. La reproduction, la transmission, la modification ou l\u2019utilisation \u00e0 des fins publiques ou commerciales du site web de Swistec Systems AG ainsi que la cr\u00e9ation de liens avec ce dernier sont soumises \u00e0 autorisation \u00e9crite pr\u00e9alable de Swistec Systems AG.<\/p>\n<\/div>\n<p>[\/vc_column_text][\/vc_column][\/vc_row][vc_row][vc_column][vc_separator color=\u00a0\u00bbcustom\u00a0\u00bb style=\u00a0\u00bbdotted\u00a0\u00bb accent_color=\u00a0\u00bb#4b90c8&Prime; css=\u00a0\u00bb.vc_custom_1464090485750{margin-top: 9px !important;margin-bottom: 50px !important;}\u00a0\u00bb][\/vc_column][\/vc_row]<\/p>\n<\/section>","protected":false},"excerpt":{"rendered":"<p>[vc_row][vc_column width=\u00a0\u00bb1\/3&Prime;][vc_column_text] Propri\u00e9taire du domaine Swistec Systems AG Allmendstrasse 30 CH-8320 Fehraltorf T\u00e9l\u00e9phone +41 43 355 70 50 T\u00e9l\u00e9fax\u00a0+41 43 355 70 51 i&#110;&#102;&#x6f;&#x40;&#x73;w&#105;&#115;&#x74;&#x65;&#x63;&#46;c&#104; Direction de l&rsquo;entreprise Adrian Toller[\/vc_column_text][\/vc_column][vc_column width=\u00a0\u00bb1\/3&Prime;][vc_column_text]<\/p>\n","protected":false},"author":4,"featured_media":1540,"parent":0,"menu_order":2,"comment_status":"closed","ping_status":"closed","template":"","meta":{"_links_to":"","_links_to_target":""},"acf":[],"aioseo_notices":[],"_links":{"self":[{"href":"https:\/\/swistec.ch\/fr\/wp-json\/wp\/v2\/pages\/1918"}],"collection":[{"href":"https:\/\/swistec.ch\/fr\/wp-json\/wp\/v2\/pages"}],"about":[{"href":"https:\/\/swistec.ch\/fr\/wp-json\/wp\/v2\/types\/page"}],"author":[{"embeddable":true,"href":"https:\/\/swistec.ch\/fr\/wp-json\/wp\/v2\/users\/4"}],"replies":[{"embeddable":true,"href":"https:\/\/swistec.ch\/fr\/wp-json\/wp\/v2\/comments?post=1918"}],"version-history":[{"count":10,"href":"https:\/\/swistec.ch\/fr\/wp-json\/wp\/v2\/pages\/1918\/revisions"}],"predecessor-version":[{"id":4216,"href":"https:\/\/swistec.ch\/fr\/wp-json\/wp\/v2\/pages\/1918\/revisions\/4216"}],"wp:featuredmedia":[{"embeddable":true,"href":"https:\/\/swistec.ch\/fr\/wp-json\/wp\/v2\/media\/1540"}],"wp:attachment":[{"href":"https:\/\/swistec.ch\/fr\/wp-json\/wp\/v2\/media?parent=1918"}],"curies":[{"name":"wp","href":"https:\/\/api.w.org\/{rel}","templated":true}]}}