{"id":1930,"date":"2016-05-30T00:30:34","date_gmt":"2016-05-30T00:30:34","guid":{"rendered":"https:\/\/swistec.ch\/fr\/kontakt\/"},"modified":"2021-07-07T15:48:37","modified_gmt":"2021-07-07T15:48:37","slug":"kontakt","status":"publish","type":"page","link":"https:\/\/swistec.ch\/fr\/kontakt\/","title":{"rendered":"Contact"},"content":{"rendered":"<section class=\"wpb-content-wrapper\"><p>[vc_row][vc_column][vc_column_text]<\/p>\n<h3>Prenez\u00a0contact\u00a0avec nous \u2013 nous nous r\u00e9jouirons de votre appel!<\/h3>\n<p><strong>Swistec Systems SA<\/strong><br \/>\nAllmendstrasse 30<br \/>\nCH-8320 Fehraltorf<\/p>\n<p>T\u00e9l\u00e9phone: +41 43 355 70 50<br \/>\nT\u00e9l\u00e9fax: +41 43 355 70 51<br \/>\nE-mail: <a href=\"&#x6d;&#97;&#105;l&#x74;&#x6f;&#58;i&#x6e;&#x66;&#111;&#64;s&#x77;&#105;&#115;t&#x65;&#x63;&#46;c&#x68;\">info&#64;&#115;&#119;&#105;&#115;&#116;&#101;&#x63;&#x2e;&#x63;&#x68;<\/a><\/p>\n<p>Vous trouverez les num\u00e9ros de t\u00e9l\u00e9phone et les adresses de courrier \u00e9lectronique de nos collaborateurs en cliquant\u00a0<a title=\"Collaborateurs\" href=\"https:\/\/swistec.ch\/fr\/mitarbeiter\/\">collaborateurs<\/a><\/p>\n<h3>Num\u00e9ro du service de piquet: 0840 11 22 33<\/h3>\n<p>Nous r\u00e9pondons \u00e0 vos appels 24 heures sur 24, 7 jours sur 7.<\/p>\n<hr \/>\n<p>[\/vc_column_text][\/vc_column][\/vc_row][vc_row][vc_column width=\u00a0\u00bb1\/2&Prime;][vc_column_text]<\/p>\n<h3><span id=\"result_box\" class=\"short_text\" lang=\"fr\"><span class=\"\">Allemagne:<\/span><\/span><\/h3>\n<p><strong>Swistec GmbH<\/strong><br \/>\nKeldenicher Strasse 18<br \/>\n53332 Bornheim-Sechtem<br \/>\nGermany<\/p>\n<p>T\u00e9l\u00e9phone +49 2227 9171 0<br \/>\nE-mail\u00a0\u00a0 <a href=\"&#109;&#x61;&#105;&#x6c;&#116;&#x6f;&#58;&#x69;&#110;&#x66;&#111;&#x40;&#115;&#x77;&#105;&#x73;&#116;&#x65;&#99;&#x2e;&#100;&#x65;\" target=\"_blank\" rel=\"noopener noreferrer\">&#105;&#x6e;f&#x6f;&#64;&#115;&#x77;&#105;&#x73;t&#101;&#x63;&#46;&#x64;e<br \/>\n<\/a>Internet <a title=\"Swistec Deutschland\" href=\"http:\/\/www.swistec.de\" target=\"_blank\" rel=\"noopener noreferrer\">www.swistec.de<\/a><\/p>\n<hr \/>\n<p>[\/vc_column_text][\/vc_column][vc_column width=\u00a0\u00bb1\/2&Prime;][vc_column_text]<\/p>\n<h3><span id=\"result_box\" class=\"short_text\" lang=\"fr\"><span class=\"\">Autriche:<\/span><\/span><\/h3>\n<p><strong>EDA Energie- Daten und Automationstechnik GmbH<\/strong><br \/>\nElsbeergasse 18<br \/>\n1140 Wien<br \/>\nAustria<\/p>\n<p>T\u00e9l\u00e9phone +43 1 912 158 70<br \/>\nE-mail\u00a0\u00a0 <a href=\"&#x6d;&#x61;&#x69;&#x6c;&#x74;&#x6f;&#x3a;&#x6f;&#x66;&#x66;&#x69;&#x63;&#x65;&#x40;&#x65;&#x64;&#x61;&#x2e;&#x63;&#x6f;&#x2e;&#x61;&#x74;\" target=\"_blank\" rel=\"noopener noreferrer\">&#x6f;&#x66;&#x66;&#105;&#99;e&#64;&#x65;&#x64;&#x61;&#46;&#99;o&#46;&#x61;&#x74;<br \/>\n<\/a>Internet <a title=\"EDA Wien\" href=\"http:\/\/www.eda.co.at\" target=\"_blank\" rel=\"noopener noreferrer\">www.eda.co.at<\/a><\/p>\n<hr \/>\n<p>[\/vc_column_text][\/vc_column][\/vc_row][vc_row][vc_column width=\u00a0\u00bb1\/2&Prime;][vc_column_text]<\/p>\n<h3><span id=\"result_box\" class=\"short_text\" lang=\"fr\"><span class=\"\">Contactez-nous<\/span><\/span><\/h3>\n<div role=\"form\" class=\"wpcf7\" id=\"wpcf7-f2128-o1\" lang=\"de-DE\" dir=\"ltr\">\n<div class=\"screen-reader-response\"><p role=\"status\" aria-live=\"polite\" aria-atomic=\"true\"><\/p> <ul><\/ul><\/div>\n<form action=\"\/fr\/wp-json\/wp\/v2\/pages\/1930#wpcf7-f2128-o1\" method=\"post\" class=\"wpcf7-form init\" novalidate=\"novalidate\" data-status=\"init\">\n<div style=\"display: none;\">\n<input type=\"hidden\" name=\"_wpcf7\" value=\"2128\" \/>\n<input type=\"hidden\" name=\"_wpcf7_version\" value=\"5.6.3\" \/>\n<input type=\"hidden\" name=\"_wpcf7_locale\" value=\"de_DE\" \/>\n<input type=\"hidden\" name=\"_wpcf7_unit_tag\" value=\"wpcf7-f2128-o1\" \/>\n<input type=\"hidden\" name=\"_wpcf7_container_post\" value=\"0\" \/>\n<input type=\"hidden\" name=\"_wpcf7_posted_data_hash\" value=\"\" \/>\n<input type=\"hidden\" name=\"_wpcf7_recaptcha_response\" value=\"\" \/>\n<\/div>\n<p> Nom de l'entreprise <br \/>\n    <span class=\"wpcf7-form-control-wrap\" data-name=\"your-company\"><input type=\"text\" name=\"your-company\" value=\"\" size=\"40\" class=\"wpcf7-form-control wpcf7-text\" aria-invalid=\"false\" \/><\/span> <\/p>\n<p> Choisir l'appel<br \/>\n    <span class=\"wpcf7-form-control-wrap\" data-name=\"Anrede\"><select name=\"Anrede\" class=\"wpcf7-form-control wpcf7-select\" aria-invalid=\"false\"><option value=\"\">---<\/option><option value=\"Madame\">Madame<\/option><option value=\"Monsieur\">Monsieur<\/option><\/select><\/span><\/p>\n<p> Prenom et Nom<br \/>\n    <span class=\"wpcf7-form-control-wrap\" data-name=\"your-name\"><input type=\"text\" name=\"your-name\" value=\"\" size=\"40\" class=\"wpcf7-form-control wpcf7-text\" aria-invalid=\"false\" \/><\/span> <\/p>\n<p> Votre adresse e-mail (champ obligatoire)<br \/>\n    <span class=\"wpcf7-form-control-wrap\" data-name=\"your-email\"><input type=\"email\" name=\"your-email\" value=\"\" size=\"40\" class=\"wpcf7-form-control wpcf7-text wpcf7-email wpcf7-validates-as-required wpcf7-validates-as-email\" aria-required=\"true\" aria-invalid=\"false\" \/><\/span> <\/p>\n<p> Votre num\u00e9ro de t\u00e9l\u00e9phone <br \/>\n    <span class=\"wpcf7-form-control-wrap\" data-name=\"Telefonnummer\"><input type=\"tel\" name=\"Telefonnummer\" value=\"\" size=\"40\" class=\"wpcf7-form-control wpcf7-text wpcf7-tel wpcf7-validates-as-tel\" aria-invalid=\"false\" \/><\/span> <\/p>\n<p> Votre message <br \/>\n    <span class=\"wpcf7-form-control-wrap\" data-name=\"your-message\"><textarea name=\"your-message\" cols=\"40\" rows=\"10\" class=\"wpcf7-form-control wpcf7-textarea wpcf7-validates-as-required\" aria-required=\"true\" aria-invalid=\"false\"><\/textarea><\/span> <\/p>\n<p><span class=\"wpcf7-form-control-wrap\" data-name=\"acceptance-799-datenschutz\"><span class=\"wpcf7-form-control wpcf7-acceptance\"><span class=\"wpcf7-list-item\"><label><input type=\"checkbox\" name=\"acceptance-799-datenschutz\" value=\"1\" aria-invalid=\"false\" \/><span class=\"wpcf7-list-item-label\">J'ai lu et j'accepte <a href=\"https:\/\/swistec.ch\/datenschutz\/\" target=\"_blank\">la d\u00e9claration de protection des donn\u00e9es<\/a>.<\/span><\/label><\/span><\/span><\/span> <\/p>\n<p><input type=\"submit\" value=\"Envoyer\" class=\"wpcf7-form-control has-spinner wpcf7-submit\" \/><\/p>\n<div class=\"wpcf7-response-output\" aria-hidden=\"true\"><\/div><\/form><\/div>[\/vc_column_text][\/vc_column][vc_column width=\u00a0\u00bb1\/2&Prime;][vc_column_text]<\/p>\n<h3><span id=\"result_box\" class=\"short_text\" lang=\"fr\">Plan <span class=\"\">local<\/span><\/span><\/h3>\n<p><iframe loading=\"lazy\" style=\"border: 0;\" src=\"https:\/\/www.google.com\/maps\/embed?pb=!1m18!1m12!1m3!1d2700.928394570138!2d8.73770581562312!3d47.39382997917112!2m3!1f0!2f0!3f0!3m2!1i1024!2i768!4f13.1!3m3!1m2!1s0x479aa2d44e0a1b5f%3A0x2ff8b87453d1e93f!2sSwistec+Systems+AG!5e0!3m2!1sde!2sch!4v1464081548065\" width=\"450\" height=\"436\" frameborder=\"0\" allowfullscreen=\"allowfullscreen\"><\/iframe><\/p>\n<p><a href=\"https:\/\/www.google.ch\/maps\/place\/Swistec+Systems+AG\/@47.39383,8.7377058,17z\/data=!4m13!1m7!3m6!1s0x479aa2d44e0a1b5f:0xdc460ddaf53ac5c9!2sAllmendstrasse+30,+8320+Fehraltorf!3b1!8m2!3d47.39383!4d8.7398945!3m4!1s0x479aa2d44e0a1b5f:0x2ff8b87453d1e93f!8m2!3d47.3938978!4d8.7397996\" target=\"_blank\" rel=\"noopener noreferrer\">Agrandir<\/a>[\/vc_column_text][vc_separator color=\u00a0\u00bbcustom\u00a0\u00bb style=\u00a0\u00bbdotted\u00a0\u00bb accent_color=\u00a0\u00bb#4b90c8&Prime;][vc_cta h2=\u00a0\u00bbDownloads\u00a0\u00bb h4=\u00a0\u00bbDocuments avec des informations suppl\u00e9mentaires\u00a0\u00bb add_button=\u00a0\u00bbbottom\u00a0\u00bb btn_title=\u00a0\u00bbEn savoir plus &#8230;\u00a0\u00bb btn_color=\u00a0\u00bbprimary\u00a0\u00bb btn_i_icon_fontawesome=\u00a0\u00bbfa fa-download\u00a0\u00bb btn_add_icon=\u00a0\u00bbtrue\u00a0\u00bb btn_link=\u00a0\u00bburl:https%3A%2F%2Fswistec.ch%2Ffr%2Fdownloads%2F|title:Downloads||\u00a0\u00bb]<span id=\"result_box\" class=\"\" lang=\"fr\">Dans notre zone de t\u00e9l\u00e9chargement (Downloads), vous trouverez divers documents avec des informations suppl\u00e9mentaires sur nos services et <span class=\"\">produits<\/span><\/span>.[\/vc_cta][\/vc_column][\/vc_row][vc_row][vc_column][vc_separator color=\u00a0\u00bbcustom\u00a0\u00bb style=\u00a0\u00bbdotted\u00a0\u00bb accent_color=\u00a0\u00bb#4b90c8&Prime; css=\u00a0\u00bb.vc_custom_1464090622991{margin-top: 9px !important;margin-bottom: 50px !important;}\u00a0\u00bb][\/vc_column][\/vc_row]<\/p>\n<\/section>","protected":false},"excerpt":{"rendered":"<p>[vc_row][vc_column][vc_column_text] Prenez\u00a0contact\u00a0avec nous \u2013 nous nous r\u00e9jouirons de votre appel! Swistec Systems SA Allmendstrasse 30 CH-8320 Fehraltorf T\u00e9l\u00e9phone: +41 43 355 70 50 T\u00e9l\u00e9fax: +41 43 355 70 51 E-mail:<\/p>\n","protected":false},"author":4,"featured_media":1540,"parent":0,"menu_order":2,"comment_status":"closed","ping_status":"closed","template":"","meta":{"_links_to":"","_links_to_target":""},"acf":[],"aioseo_notices":[],"_links":{"self":[{"href":"https:\/\/swistec.ch\/fr\/wp-json\/wp\/v2\/pages\/1930"}],"collection":[{"href":"https:\/\/swistec.ch\/fr\/wp-json\/wp\/v2\/pages"}],"about":[{"href":"https:\/\/swistec.ch\/fr\/wp-json\/wp\/v2\/types\/page"}],"author":[{"embeddable":true,"href":"https:\/\/swistec.ch\/fr\/wp-json\/wp\/v2\/users\/4"}],"replies":[{"embeddable":true,"href":"https:\/\/swistec.ch\/fr\/wp-json\/wp\/v2\/comments?post=1930"}],"version-history":[{"count":8,"href":"https:\/\/swistec.ch\/fr\/wp-json\/wp\/v2\/pages\/1930\/revisions"}],"predecessor-version":[{"id":11100,"href":"https:\/\/swistec.ch\/fr\/wp-json\/wp\/v2\/pages\/1930\/revisions\/11100"}],"wp:featuredmedia":[{"embeddable":true,"href":"https:\/\/swistec.ch\/fr\/wp-json\/wp\/v2\/media\/1540"}],"wp:attachment":[{"href":"https:\/\/swistec.ch\/fr\/wp-json\/wp\/v2\/media?parent=1930"}],"curies":[{"name":"wp","href":"https:\/\/api.w.org\/{rel}","templated":true}]}}