{"id":1980,"date":"2016-05-31T17:44:05","date_gmt":"2016-05-31T17:44:05","guid":{"rendered":"https:\/\/swistec.ch\/fr\/swistec-weltweit\/"},"modified":"2019-09-17T11:49:33","modified_gmt":"2019-09-17T11:49:33","slug":"swistec-weltweit","status":"publish","type":"page","link":"https:\/\/swistec.ch\/fr\/swistec-weltweit\/","title":{"rendered":"Swistec dans le monde entier"},"content":{"rendered":"<section class=\"wpb-content-wrapper\"><p>[vc_row][vc_column css=\u00a0\u00bb.vc_custom_1464177137871{margin-bottom: 27px !important;}\u00a0\u00bb][vc_custom_heading text=\u00a0\u00bbCoordonn\u00e9es des autres branches Swistec\u00a0\u00bb font_container=\u00a0\u00bbtag:h1|text_align:left\u00a0\u00bb use_theme_fonts=\u00a0\u00bbyes\u00a0\u00bb][\/vc_column][\/vc_row][vc_row][vc_column width=\u00a0\u00bb1\/2&Prime;][vc_column_text]<\/p>\n<h3>Allemagne:<\/h3>\n<p><strong>Swistec GmbH<\/strong><br \/>\nKeldenicher Strasse 18<br \/>\n53332 Bornheim-Sechtem<br \/>\nGermany<\/p>\n<p>Num\u00e9ro de t\u00e9l\u00e9phone +49 2227 9171 0<br \/>\n<a href=\"ma&#105;&#108;&#116;&#x6f;&#x3a;&#x69;&#x6e;&#x66;o&#64;&#115;&#119;&#105;&#x73;&#x74;&#x65;&#x63;&#x2e;de\" target=\"_blank\" rel=\"noopener noreferrer\">&#x69;&#x6e;&#x66;&#x6f;&#x40;&#x73;&#x77;&#x69;&#x73;&#x74;&#x65;&#99;&#46;&#100;&#101;<\/a><br \/>\n<a title=\"Swistec Deutschland\" href=\"http:\/\/www.swistec.de\" target=\"_blank\" rel=\"noopener noreferrer\">www.swistec.de<\/a><\/p>\n<hr \/>\n<h3>Australie:<\/h3>\n<p><strong>MV Technology Solutions Pty Ltd<br \/>\n<\/strong>Unit 2\/21 Bay Road<br \/>\nTaren Point NSW 2229<br \/>\nAustralia<\/p>\n<p>Adresse postale:<br \/>\nPO Box 2340<br \/>\nCaringbah Business Hub NSW 2229<br \/>\nAustralia<\/p>\n<p>Num\u00e9ro de t\u00e9l\u00e9phone +61 (0)2 9531 6002<br \/>\n<a href=\"m&#97;&#x69;&#x6c;t&#111;&#58;&#x25;&#x32;0&#105;&#x6e;&#x66;o&#64;&#109;&#x76;&#x74;e&#99;&#x68;&#x6e;o&#108;&#111;&#x67;&#x79;&#46;&#99;&#x6f;&#x6d;&#46;&#97;&#117;\">&#105;&#x6e;&#102;&#x6f;&#64;&#x6d;&#118;&#x74;&#101;&#x63;&#104;&#x6e;o&#x6c;o&#x67;y&#x2e;c&#x6f;m&#x2e;a&#117;<br \/>\n<\/a><a href=\"http:\/\/www.mvtech.com.au\/\" target=\"_blank\" rel=\"noopener noreferrer\">www.mvtech.com.au<\/a>[\/vc_column_text][\/vc_column][vc_column width=\u00a0\u00bb1\/2&Prime;][vc_column_text]<\/p>\n<h3>Autriche:<\/h3>\n<p><strong>EDA Energie- Daten und Automationstechnik GmbH<\/strong><br \/>\nElsbeergasse 18<br \/>\n1140 Wien<br \/>\nAustria<\/p>\n<p>Num\u00e9ro de t\u00e9l\u00e9phone +43 1 912 158 70<br \/>\n<a href=\"&#x6d;a&#x69;&#108;&#x74;&#111;:&#x6f;&#102;&#x66;&#105;c&#x65;&#64;&#x65;&#100;a&#x2e;c&#x6f;&#46;&#x61;&#x74;\" target=\"_blank\" rel=\"noopener noreferrer\">o&#102;&#x66;&#x69;c&#101;&#x40;&#x65;d&#97;&#x2e;&#x63;o&#46;&#x61;&#x74;<\/a><br \/>\n<a title=\"EDA Wien\" href=\"http:\/\/www.eda.co.at\" target=\"_blank\" rel=\"noopener noreferrer\">www.eda.co.at<\/a><\/p>\n<hr \/>\n<h3>Afrique du Sud:<\/h3>\n<p><strong>Robmet Meters cc<\/strong><br \/>\nP.O. Box 4036<br \/>\n2128 Rivonia<br \/>\nSouth Africa<\/p>\n<p><a href=\"m&#97;&#105;&#x6c;&#x74;o:&#37;&#50;&#x30;&#x69;wr&#111;&#98;&#x69;&#x6e;s&#64;&#109;&#x77;&#x65;&#x62;&#46;&#99;&#111;&#x2e;&#x7a;&#x61;\" target=\"_blank\" rel=\"noopener noreferrer\">&#105;&#x77;&#114;&#x6f;&#98;&#x69;&#110;&#x73;&#64;&#x6d;&#119;&#x65;&#98;&#x2e;&#99;&#x6f;&#46;&#x7a;&#97;<\/a>[\/vc_column_text][\/vc_column][\/vc_row][vc_row][vc_column][vc_separator color=\u00a0\u00bbcustom\u00a0\u00bb style=\u00a0\u00bbdotted\u00a0\u00bb][\/vc_column][\/vc_row][vc_row][vc_column][vc_cta h2=\u00a0\u00bbFormation\u00a0\u00bb h4=\u00a0\u00bbFormations compl\u00e9mentaires et cours de Swistec\u00a0\u00bb add_button=\u00a0\u00bbbottom\u00a0\u00bb btn_title=\u00a0\u00bbPour en savoir plus &#8230;\u00a0\u00bb btn_color=\u00a0\u00bbprimary\u00a0\u00bb btn_i_icon_fontawesome=\u00a0\u00bbfa fa-calendar\u00a0\u00bb btn_add_icon=\u00a0\u00bbtrue\u00a0\u00bb btn_link=\u00a0\u00bburl:https%3A%2F%2Fswistec.ch%2Ffr%2Fschulungen%2F%20|||\u00a0\u00bb]Sous le lien suivant, vous trouverez toutes les informations sur nos programmes de formation et les dates correspondantes.[\/vc_cta][\/vc_column][\/vc_row]<\/p>\n<\/section>","protected":false},"excerpt":{"rendered":"<p>[vc_row][vc_column css=\u00a0\u00bb.vc_custom_1464177137871{margin-bottom: 27px !important;}\u00a0\u00bb][vc_custom_heading text=\u00a0\u00bbCoordonn\u00e9es des autres branches Swistec\u00a0\u00bb font_container=\u00a0\u00bbtag:h1|text_align:left\u00a0\u00bb use_theme_fonts=\u00a0\u00bbyes\u00a0\u00bb][\/vc_column][\/vc_row][vc_row][vc_column width=\u00a0\u00bb1\/2&Prime;][vc_column_text] Allemagne: Swistec GmbH Keldenicher Strasse 18 53332 Bornheim-Sechtem Germany Num\u00e9ro de t\u00e9l\u00e9phone +49 2227 9171 0 &#105;&#x6e;f&#111;&#x40;&#115;&#x77;i&#115;&#x74;e&#x63;&#x2e;&#100;&#x65; www.swistec.de<\/p>\n","protected":false},"author":4,"featured_media":1540,"parent":0,"menu_order":2,"comment_status":"closed","ping_status":"closed","template":"","meta":{"_links_to":"","_links_to_target":""},"acf":[],"aioseo_notices":[],"_links":{"self":[{"href":"https:\/\/swistec.ch\/fr\/wp-json\/wp\/v2\/pages\/1980"}],"collection":[{"href":"https:\/\/swistec.ch\/fr\/wp-json\/wp\/v2\/pages"}],"about":[{"href":"https:\/\/swistec.ch\/fr\/wp-json\/wp\/v2\/types\/page"}],"author":[{"embeddable":true,"href":"https:\/\/swistec.ch\/fr\/wp-json\/wp\/v2\/users\/4"}],"replies":[{"embeddable":true,"href":"https:\/\/swistec.ch\/fr\/wp-json\/wp\/v2\/comments?post=1980"}],"version-history":[{"count":12,"href":"https:\/\/swistec.ch\/fr\/wp-json\/wp\/v2\/pages\/1980\/revisions"}],"predecessor-version":[{"id":7560,"href":"https:\/\/swistec.ch\/fr\/wp-json\/wp\/v2\/pages\/1980\/revisions\/7560"}],"wp:featuredmedia":[{"embeddable":true,"href":"https:\/\/swistec.ch\/fr\/wp-json\/wp\/v2\/media\/1540"}],"wp:attachment":[{"href":"https:\/\/swistec.ch\/fr\/wp-json\/wp\/v2\/media?parent=1980"}],"curies":[{"name":"wp","href":"https:\/\/api.w.org\/{rel}","templated":true}]}}