{"id":1992,"date":"2016-05-22T16:33:28","date_gmt":"2016-05-22T16:33:28","guid":{"rendered":"https:\/\/swistec.ch\/fr\/rundsteuerung\/"},"modified":"2016-09-08T14:08:05","modified_gmt":"2016-09-08T14:08:05","slug":"rundsteuerung","status":"publish","type":"page","link":"https:\/\/swistec.ch\/fr\/rundsteuerung\/","title":{"rendered":"T\u00e9l\u00e9commande centralis\u00e9e"},"content":{"rendered":"<section class=\"wpb-content-wrapper\"><p>[vc_row][vc_column][vc_custom_heading text=\u00a0\u00bbSwistra, la t\u00e9l\u00e9commande centralis\u00e9e du 21\u00e8me si\u00e8cle\u00a0\u00bb font_container=\u00a0\u00bbtag:h1|text_align:left\u00a0\u00bb use_theme_fonts=\u00a0\u00bbyes\u00a0\u00bb][\/vc_column][\/vc_row][vc_row][vc_column][vc_column_text]<a href=\"https:\/\/swistec.ch\/wp-content\/uploads\/2016\/05\/swistra.png\"><img loading=\"lazy\" class=\"alignleft wp-image-1047\" src=\"https:\/\/swistec.ch\/wp-content\/uploads\/2016\/05\/swistra-450x332.png\" alt=\"Swistra, die Tonfrequenz-Rundsteuerung des 21. Jahrhunderts.\" width=\"400\" height=\"295\" srcset=\"https:\/\/swistec.ch\/wp-content\/uploads\/2016\/05\/swistra-450x332.png 450w, https:\/\/swistec.ch\/wp-content\/uploads\/2016\/05\/swistra-198x146.png 198w, https:\/\/swistec.ch\/wp-content\/uploads\/2016\/05\/swistra-50x37.png 50w, https:\/\/swistec.ch\/wp-content\/uploads\/2016\/05\/swistra-102x75.png 102w, https:\/\/swistec.ch\/wp-content\/uploads\/2016\/05\/swistra.png 565w\" sizes=\"(max-width: 400px) 100vw, 400px\" \/><\/a><\/p>\n<h3>Qu\u2019est-ce que c\u2019est <em>Swistra<\/em>?<\/h3>\n<ul>\n<li><em>Swistra<\/em> est un proc\u00e9d\u00e9 de transmission d\u2019une conception enti\u00e8rement nouvelle.<\/li>\n<li><em>Swistra<\/em> est le d\u00e9veloppement de la t\u00e9l\u00e9commande centralis\u00e9e actuelle.<\/li>\n<li><em>Swistra<\/em> est une combinaison binaire comprenant un octet de commande et trois octets d\u2019adresses.<\/li>\n<li><em>Swistra<\/em> est compatible en aval avec les t\u00e9l\u00e9grammes de t\u00e9l\u00e9commande centralis\u00e9e connus.<\/li>\n<li><em>Swistra<\/em> est la t\u00e9l\u00e9commande centralis\u00e9e du 21<sup>\u00e8me <\/sup>si\u00e8cle.<\/li>\n<\/ul>\n<h3><strong>Pourquoi passer \u00e0 <\/strong><em>Swistra<\/em><strong>?<\/strong><\/h3>\n<ul>\n<li><em>Swistra<\/em> offre des d\u00e9bits plus \u00e9lev\u00e9s que les autres configurations binaires.<\/li>\n<li><em>Swistra<\/em> offre des dur\u00e9es de t\u00e9l\u00e9grammes plus courtes que les autres configurations binaires.<\/li>\n<li><em>Swistra<\/em> poss\u00e8de un tr\u00e8s grand espace d&rsquo;adresses.<\/li>\n<li><em>Swistra<\/em> peut s\u2019adresser individuellement \u00e0 chaque r\u00e9cepteur via son num\u00e9ro de s\u00e9rie.<\/li>\n<li><em>Swistra<\/em> peut s\u2019utiliser sans phase de mutation.<\/li>\n<\/ul>\n<p>[\/vc_column_text][\/vc_column][\/vc_row][vc_row][vc_column][vc_column_text]<\/p>\n<h3><em>Swistra<\/em>\u00a0<strong>\u2013 flexible Steuerung!<\/strong><\/h3>\n<p>Mit <em>Swistra<\/em> k\u00f6nnen Lasten und Erzeuger nicht nur unterwerksbezogen geschaltet werden, sondern je nach Konfiguration der Codierung, auch in einem gewissen Subnetz, z.B. einem Sammelschienenabgang. Empf\u00e4nger k\u00f6nnen mit verschiedenen Befehlen angesprochen werden:<\/p>\n<ul>\n<li><strong>Commando global: <\/strong>commande commune de tous les syst\u00e8mes d\u2019injection<strong><br \/>\n<\/strong><\/li>\n<li><strong>Commando group\u00e9<\/strong>: commande commune de tous les syst\u00e8mes d\u2019injection d\u2019un m\u00eame type<\/li>\n<li><strong>Commando par jeu de barres<\/strong>: commande commune de tous les syst\u00e8mes d\u2019injection d\u2019un m\u00eame type par jeu de barres (rapport\u00e9 p. ex. \u00e0 un poste de transformation)<\/li>\n<li><strong>Commando par maillage<\/strong>: commande commune de tous les syst\u00e8mes d\u2019injection d\u2019un m\u00eame type par maillage (rapport\u00e9 p. ex. \u00e0 une zone)<\/li>\n<li><strong>Commando individuel<\/strong>: commande d\u2019un r\u00e9cepteur individuel<\/li>\n<li><strong>Commando d\u2019adressage<\/strong>: reparam\u00e9trage de l\u2019appartenance \u00e0 un groupe d\u2019un r\u00e9cepteur<\/li>\n<\/ul>\n<h3><em>Swistra<\/em><strong>\u00a0\u2013 comment proc\u00e9der \u00e0 la mutation?<\/strong><\/h3>\n<ul>\n<li>Renouvellement du logiciel du contr\u00f4le-commande, par mise \u00e0 jour pour les baies de commande Swistec, l\u2019ancien processus de t\u00e9l\u00e9commande centralis\u00e9e continue de fonctionner<\/li>\n<li>Int\u00e9gration d\u2019un \u00e9metteur SRS-3xxx pour Swistra et configuration binaire ancienne, les \u00e9metteurs en place avec une pr\u00e9cision temporelle de la formation d\u2019impulsion inf\u00e9rieure \u00e0 50 ms peuvent toujours \u00eatre utilis\u00e9s<\/li>\n<li>Int\u00e9gration des r\u00e9cepteurs en vue de subvenir aux nouvelles t\u00e2ches souhait\u00e9es<\/li>\n<\/ul>\n<h3><em>Swistra<\/em><strong>\u00a0\u2013 qu\u2019est-ce qui ne change pas?<br \/>\n<\/strong><\/h3>\n<ul>\n<li>Compatible et adaptable \u00e0 tous les syst\u00e8mes de t\u00e9l\u00e9commande centralis\u00e9e \/ configurations binaires en place<\/li>\n<li>Utilisation de la m\u00eame fr\u00e9quence que le syst\u00e8me TCC existant<\/li>\n<li>Utilisation du m\u00eame couplage que le syst\u00e8me TCC existant<\/li>\n<li>Utilisation des m\u00eames \u00e9metteurs de t\u00e9l\u00e9commande centralis\u00e9e que le syst\u00e8me TCC existant, lorsque des \u00e9metteurs de type SRS-xxx de la gamme d\u2019\u00e9metteurs Swistec sont mis en \u0153uvre ou que des \u00e9metteurs dot\u00e9s d\u2019une pr\u00e9cision temporelle de la formation d\u2019impulsion inf\u00e9rieure \u00e0 50 ms sont en place<\/li>\n<li>Utilisation du m\u00eame logiciel de contr\u00f4le-commande que le syst\u00e8me TCC existant, si le logiciel de la gamme RKS-xx est utilis\u00e9 dans la centrale. N\u00e9cessit\u00e9 de mise \u00e0 jour<\/li>\n<li>Utilisation toujours possible de tous les r\u00e9cepteurs int\u00e9gr\u00e9s au r\u00e9seau (fonctionnement mixte)<\/li>\n<\/ul>\n<h3><em>Swistra<\/em><strong>\u00a0\u2013 R\u00e9cepteur de Swistec<\/strong><\/h3>\n<p>Tous les r\u00e9cepteurs de t\u00e9l\u00e9commande centralis\u00e9e Swistec font appel \u00e0 des algorithmes de filtrage ultra modernes de conception nouvelle, permettant aussi de traiter avec fiabilit\u00e9 des signaux de t\u00e9l\u00e9commande centralis\u00e9e avec des tensions de fonctionnement de moins de 0,3 % Un. Ceci est rendu possible gr\u00e2ce \u00e0 la mise en \u0153uvre de la technique processeurs la plus moderne qui soit, capable d\u2019allier puissances de calcul \u00e9lev\u00e9es et faible consommation d\u2019\u00e9lectricit\u00e9.[\/vc_column_text][\/vc_column][\/vc_row][vc_row][vc_column][vc_separator color=\u00a0\u00bbcustom\u00a0\u00bb style=\u00a0\u00bbdotted\u00a0\u00bb][\/vc_column][\/vc_row][vc_row][vc_column][vc_cta h2=\u00a0\u00bbFormation\u00a0\u00bb h4=\u00a0\u00bbFormations compl\u00e9mentaires et cours de Swistec\u00a0\u00bb add_button=\u00a0\u00bbbottom\u00a0\u00bb btn_title=\u00a0\u00bbPour en savoir plus &#8230;\u00a0\u00bb btn_color=\u00a0\u00bbprimary\u00a0\u00bb btn_i_icon_fontawesome=\u00a0\u00bbfa fa-calendar\u00a0\u00bb btn_link=\u00a0\u00bburl:https%3A%2F%2Fswistec.ch%2Ffr%2Fschulungen%2F%20|||\u00a0\u00bb btn_add_icon=\u00a0\u00bbtrue\u00a0\u00bb]Sous le lien suivant, vous trouverez toutes les informations sur nos programmes de formation et les dates correspondantes.[\/vc_cta][\/vc_column][\/vc_row]<\/p>\n<\/section>","protected":false},"excerpt":{"rendered":"<p>[vc_row][vc_column][vc_custom_heading text=\u00a0\u00bbSwistra, la t\u00e9l\u00e9commande centralis\u00e9e du 21\u00e8me si\u00e8cle\u00a0\u00bb font_container=\u00a0\u00bbtag:h1|text_align:left\u00a0\u00bb use_theme_fonts=\u00a0\u00bbyes\u00a0\u00bb][\/vc_column][\/vc_row][vc_row][vc_column][vc_column_text] Qu\u2019est-ce que c\u2019est Swistra? Swistra est un proc\u00e9d\u00e9 de transmission d\u2019une conception enti\u00e8rement nouvelle. Swistra est le d\u00e9veloppement de la<\/p>\n","protected":false},"author":4,"featured_media":1540,"parent":0,"menu_order":2,"comment_status":"closed","ping_status":"closed","template":"","meta":{"_links_to":"","_links_to_target":""},"acf":[],"aioseo_notices":[],"_links":{"self":[{"href":"https:\/\/swistec.ch\/fr\/wp-json\/wp\/v2\/pages\/1992"}],"collection":[{"href":"https:\/\/swistec.ch\/fr\/wp-json\/wp\/v2\/pages"}],"about":[{"href":"https:\/\/swistec.ch\/fr\/wp-json\/wp\/v2\/types\/page"}],"author":[{"embeddable":true,"href":"https:\/\/swistec.ch\/fr\/wp-json\/wp\/v2\/users\/4"}],"replies":[{"embeddable":true,"href":"https:\/\/swistec.ch\/fr\/wp-json\/wp\/v2\/comments?post=1992"}],"version-history":[{"count":8,"href":"https:\/\/swistec.ch\/fr\/wp-json\/wp\/v2\/pages\/1992\/revisions"}],"predecessor-version":[{"id":3070,"href":"https:\/\/swistec.ch\/fr\/wp-json\/wp\/v2\/pages\/1992\/revisions\/3070"}],"wp:featuredmedia":[{"embeddable":true,"href":"https:\/\/swistec.ch\/fr\/wp-json\/wp\/v2\/media\/1540"}],"wp:attachment":[{"href":"https:\/\/swistec.ch\/fr\/wp-json\/wp\/v2\/media?parent=1992"}],"curies":[{"name":"wp","href":"https:\/\/api.w.org\/{rel}","templated":true}]}}