{"id":2167,"date":"2016-06-15T12:11:15","date_gmt":"2016-06-15T12:11:15","guid":{"rendered":"https:\/\/swistec.ch\/fr\/newsletter-signup\/"},"modified":"2016-12-22T10:44:21","modified_gmt":"2016-12-22T10:44:21","slug":"newsletter-signup","status":"publish","type":"page","link":"https:\/\/swistec.ch\/fr\/newsletter-signup\/","title":{"rendered":"Newsletter Archives"},"content":{"rendered":"<section class=\"wpb-content-wrapper\"><p>[vc_row][vc_column][vc_custom_heading text=\u00a0\u00bbS&rsquo;abonner \u00e0 notre Newsletter et nous vous tiendrons au courant\u00a0\u00bb use_theme_fonts=\u00a0\u00bbyes\u00a0\u00bb][\/vc_column][\/vc_row][vc_row][vc_column][vc_column_text]<\/p>\n<h4>Les Newsletter du Swistec offrent par e-mail des informations cibl\u00e9es sur certaines produits (d\u00e9veloppement, mises \u00e0 jour de donn\u00e9es ou d&rsquo;information de base, etc.). Elles s&rsquo;adressent en premier lieu \u00e0 des sp\u00e9cialistes.<\/h4>\n<p><strong>Entrez votre address e-mail s'il vous pla\u00eet.<\/strong><style id='mailster-form-default' type='text\/css'>.mailster-embeded-form body{background:0;padding:0;margin:0}.mailster-embeded-form .mailster-form-body{padding:5px !important;margin:auto !important}.mailster-form-wrap{max-width:100%;max-height:95%;min-width:100px;-webkit-overflow-scrolling:touch}.mailster-form{margin-bottom:20px;position:relative}.mailster-form:before{content:'';position:absolute;display:block;height:100%;width:100%;z-index:1;background-repeat:no-repeat;background-position:center center;background-size:20px 20px;background-image:url('https:\/\/swistec.ch\/wp-content\/plugins\/mailster\/assets\/css\/..\/img\/loading.gif');visibility:hidden;opacity:0;transition:opacity .15s ease-in-out}.mailster-form.loading:before{opacity:1;visibility:visible}@media only screen and (-webkit-min-device-pixel-ratio:2),only screen and (min-resolution:192dpi){.mailster-form:before{background-image:url('https:\/\/swistec.ch\/wp-content\/plugins\/mailster\/assets\/css\/..\/img\/loading_2x.gif')}}.mailster-form:after,.mailster-form-fields:after{content:'.';visibility:hidden;display:block;height:0;clear:both}.mailster-form .mailster-form-fields{transition:all .15s ease-in-out}.mailster-form.completed .mailster-form-fields{height:0;min-height:0;opacity:0;overflow:hidden}.mailster-form,.mailster-form .input,.mailster-form .mailster-form-info{width:100%;box-sizing:border-box}.mailster-embeded-form .mailster-form{margin-bottom:3px}.mailster-form .mailster-wrapper{position:relative;margin-bottom:2px;transition:opacity .15s ease-in-out}.mailster-form.loading .mailster-wrapper{opacity:.2}.mailster-form textarea.input{resize:vertical;height:150px}.mailster-form li{list-style:none !important;margin-left:0;padding-left:0}span.mailster-required{font-size:120%;font-weight:700;color:#bf4d4d}.mailster-lists-wrapper ul{list-style:none;margin-left:0;padding-left:0}.mailster-lists-wrapper ul li{margin-left:0}.mailster-list-description{color:inherit;display:block;margin-left:25px;font-size:.8em}.mailster-form-info{height:0;border-radius:2px;padding:5px;margin-bottom:4px;color:#fff;padding:9px 16px;transition:all .2s;-webkit-transform:scale(0);-moz-transform:scale(0);-ms-transform:scale(0);transform:scale(0)}.mailster-form.loading .mailster-form-info{opacity:0}.mailster-form-info a{color:#fff}.mailster-form-info.success,.mailster-form-info.error{display:block;height:100%;-webkit-transform:scale(1);-moz-transform:scale(1);-ms-transform:scale(1);transform:scale(1)}.mailster-form .error input,.mailster-form .error select,.mailster-form .error textarea{outline:2px solid #bf4d4d;outline-offset:0}.mailster-form-info.error{background:#bf4d4d}.mailster-form-info.success{background-color:#6fbf4d;text-align:center}.mailster-form-info ul,.mailster-form .mailster-form-info p{margin:0;padding:0;max-width:initial}.mailster-form-info ul li{color:inherit;margin-left:0}.mailster-submit-wrapper{margin-top:6px}.mailster-form .submit-button{cursor:pointer}.mailster-form .submit-button:focus{outline:0}<\/style><style type=\"text\/css\" media=\"screen\" class=\"mailster-custom-form-css\">\n.mailster-form.mailster-form-2 .mailster-wrapper .input:focus{background-color:#a0afbf;}\n.mailster-form.mailster-form-2 label span.mailster-required{color:#e1003a;}\n.mailster-form.mailster-form-2 .submit-button{background-color:#4b90c8;color:#f2f2f2;}\n.mailster-form.mailster-form-2 .submit-button:hover{background-color:#356084;color:#f2f2f2;}\n.mailster-form.mailster-form-2 .mailster-form-info.success{color:#f2f2f2;background-color:#707070;}\n.mailster-form.mailster-form-2 .mailster-form-info.error{color:#f2f2f2;background-color:#e1003a;}\n.mailster-form-info ul li{color: #f2f2f2 !important;}\n.mailster-form-info.success{text-align: left !important;}\n.subline{line-height: 15px !important; font-size: 13px !important;}\n.mailster-form.mailster-form-2 .submit-button{background-color: #4b90c8 !important; color: #f2f2f2 !important;}\n.mailster-form.mailster-form-2 .submit-button:hover{background-color: #356084 !important; color: #f2f2f2 !important; border-color: #356084 !important;}\n<\/style>\n<form action=\"https:\/\/swistec.ch\/fr\/mailster\/subscribe\/\" method=\"post\" class=\"mailster-form mailster-form-submit mailster-ajax-form mailster-form-2\" novalidate><input name=\"_action\" type=\"hidden\" value=\"subscribe\">\n<input name=\"_timestamp\" type=\"hidden\" value=\"1776610849\">\n<input name=\"_referer\" type=\"hidden\" value=\"https:\/\/swistec.ch\/fr\/wp-json\/wp\/v2\/pages\/2167\">\n<input name=\"_nonce\" type=\"hidden\" value=\"3aaaff543b\">\n<input name=\"formid\" type=\"hidden\" value=\"2\">\n<div class=\"mailster-form-fields\">\n<div class=\"mailster-wrapper mailster-anrede-franz-wrapper\"><label for=\"mailster-anrede-franz-2\">Appel <span class=\"mailster-required\">*<\/span><\/label><ul class=\"mailster-list\"><li><label><input id=\"mailster-anrede-franz-2-0\" name=\"anrede-franz\" type=\"radio\" value=\"Madame\" class=\"radio mailster-anrede-franz mailster-required\"  aria-label=\"Madame\"> Madame<\/label><\/li><li><label><input id=\"mailster-anrede-franz-2-1\" name=\"anrede-franz\" type=\"radio\" value=\"Monsieur\" class=\"radio mailster-anrede-franz mailster-required\"  aria-label=\"Monsieur\"> Monsieur<\/label><\/li><\/ul><\/div>\n<div class=\"mailster-wrapper mailster-firstname-wrapper\"><label for=\"mailster-firstname-2\">Pr\u00e9nom <span class=\"mailster-required\">*<\/span><\/label><input id=\"mailster-firstname-2\" name=\"firstname\" type=\"text\" value=\"\" class=\"input mailster-firstname mailster-required\" aria-required=\"true\" aria-label=\"Pr\u00e9nom\"><\/div>\n<div class=\"mailster-wrapper mailster-lastname-wrapper\"><label for=\"mailster-lastname-2\">Nom de famille <span class=\"mailster-required\">*<\/span><\/label><input id=\"mailster-lastname-2\" name=\"lastname\" type=\"text\" value=\"\" class=\"input mailster-lastname mailster-required\" aria-required=\"true\" aria-label=\"Nom de famille\"><\/div>\n<div class=\"mailster-wrapper mailster-email-wrapper\"><label for=\"mailster-email-2\">E-mail <span class=\"mailster-required\">*<\/span><\/label><input id=\"mailster-email-2\" name=\"email\" type=\"email\" value=\"\" class=\"input mailster-email mailster-required\" aria-required=\"true\" aria-label=\"E-mail\" spellcheck=\"false\"><\/div>\n<div class=\"mailster-wrapper mailster-submit-wrapper form-submit\"><input name=\"submit\" type=\"submit\" value=\"Abonner\" class=\"submit-button button\" aria-label=\"Abonner\"><\/div>\n<\/div>\n<\/form>\n<\/p>\n[\/vc_column_text][\/vc_column][\/vc_row][vc_row][vc_column][vc_separator color=\u00a0\u00bbcustom\u00a0\u00bb style=\u00a0\u00bbdotted\u00a0\u00bb accent_color=\u00a0\u00bb#4b90c8&Prime;][\/vc_column][\/vc_row][vc_row][vc_column][vc_widget_sidebar title=\u00a0\u00bbArchives\u00a0\u00bb sidebar_id=\u00a0\u00bbsidebar-newsletter-archive\u00a0\u00bb][\/vc_column][\/vc_row][vc_row][vc_column][vc_separator color=\u00a0\u00bbcustom\u00a0\u00bb style=\u00a0\u00bbdotted\u00a0\u00bb accent_color=\u00a0\u00bb#4b90c8&Prime;][\/vc_column][\/vc_row]<\/p>\n<\/section>","protected":false},"excerpt":{"rendered":"<p>[vc_row][vc_column][vc_custom_heading text=\u00a0\u00bbS&rsquo;abonner \u00e0 notre Newsletter et nous vous tiendrons au courant\u00a0\u00bb use_theme_fonts=\u00a0\u00bbyes\u00a0\u00bb][\/vc_column][\/vc_row][vc_row][vc_column][vc_column_text] Les Newsletter du Swistec offrent par e-mail des informations cibl\u00e9es sur certaines produits (d\u00e9veloppement, mises \u00e0 jour de<\/p>\n","protected":false},"author":4,"featured_media":0,"parent":0,"menu_order":100,"comment_status":"closed","ping_status":"closed","template":"","meta":{"_links_to":"","_links_to_target":""},"acf":[],"aioseo_notices":[],"_links":{"self":[{"href":"https:\/\/swistec.ch\/fr\/wp-json\/wp\/v2\/pages\/2167"}],"collection":[{"href":"https:\/\/swistec.ch\/fr\/wp-json\/wp\/v2\/pages"}],"about":[{"href":"https:\/\/swistec.ch\/fr\/wp-json\/wp\/v2\/types\/page"}],"author":[{"embeddable":true,"href":"https:\/\/swistec.ch\/fr\/wp-json\/wp\/v2\/users\/4"}],"replies":[{"embeddable":true,"href":"https:\/\/swistec.ch\/fr\/wp-json\/wp\/v2\/comments?post=2167"}],"version-history":[{"count":9,"href":"https:\/\/swistec.ch\/fr\/wp-json\/wp\/v2\/pages\/2167\/revisions"}],"predecessor-version":[{"id":3311,"href":"https:\/\/swistec.ch\/fr\/wp-json\/wp\/v2\/pages\/2167\/revisions\/3311"}],"wp:attachment":[{"href":"https:\/\/swistec.ch\/fr\/wp-json\/wp\/v2\/media?parent=2167"}],"curies":[{"name":"wp","href":"https:\/\/api.w.org\/{rel}","templated":true}]}}