{"id":4199,"date":"2018-06-14T15:36:07","date_gmt":"2018-06-14T15:36:07","guid":{"rendered":"http:\/\/www.swistec.ch\/?page_id=4199"},"modified":"2018-06-14T16:23:52","modified_gmt":"2018-06-14T16:23:52","slug":"declarationdonees","status":"publish","type":"page","link":"https:\/\/swistec.ch\/fr\/declarationdonees\/","title":{"rendered":"D\u00e9claration de protection des donn\u00e9es"},"content":{"rendered":"<section class=\"wpb-content-wrapper\"><p>[vc_row][vc_column][vc_column_text]<\/p>\n<h2>1. Protection des donn\u00e9es<\/h2>\n<p>Les op\u00e9rateurs de ces pages prennent tr\u00e8s au s\u00e9rieux la protection de vos donn\u00e9es personnelles. Nous recueillons et utilisons vos donn\u00e9es personnelles exclusivement dans le cadre de la r\u00e9glementation suisse en mati\u00e8re de protection des donn\u00e9es, en particulier la Loi f\u00e9d\u00e9rale sur la protection des donn\u00e9es (LPD). Nous traitons vos donn\u00e9es personnelles de mani\u00e8re confidentielle et conform\u00e9ment aux dispositions l\u00e9gales en mati\u00e8re de protection des donn\u00e9es et \u00e0 la pr\u00e9sente d\u00e9claration de protection des donn\u00e9es.<\/p>\n<p>L&rsquo;utilisation de ce site Web est g\u00e9n\u00e9ralement possible sans fournir de donn\u00e9es personnelles. Dans la mesure o\u00f9 des donn\u00e9es personnelles (par exemple le nom, l&rsquo;adresse ou l&rsquo;adresse e-mail) sont collect\u00e9es sur notre site, cela se fait, dans la mesure du possible, toujours sur une base volontaire. Ces donn\u00e9es ne seront pas transmises \u00e0 des tiers sans votre consentement expr\u00e8s.<\/p>\n<p>Nous attirons votre attention sur le fait que la transmission de donn\u00e9es sur Internet (par ex. la communication par e-mail) peut pr\u00e9senter des failles de s\u00e9curit\u00e9. Une protection compl\u00e8te des donn\u00e9es contre l&rsquo;acc\u00e8s par des tiers n&rsquo;est pas possible.<\/p>\n<p>Cette d\u00e9claration de protection des donn\u00e9es vous informe sur le type, l&rsquo;\u00e9tendue et la finalit\u00e9 de la collecte et de l&rsquo;utilisation des donn\u00e9es personnelles.<\/p>\n<h2>2. Cookies<\/h2>\n<p>Certaines pages Internet utilisent des cookies. Les cookies ne causent aucun dommage \u00e0 votre ordinateur et ne contiennent aucun virus. Les cookies servent \u00e0 rendre notre site Web plus convivial, plus efficace et plus s\u00fbr. Les cookies sont de petits fichiers texte qui sont stock\u00e9s sur votre ordinateur et enregistr\u00e9s par votre navigateur.<\/p>\n<p>La plupart des cookies que nous utilisons sont des \u00ab\u00a0cookies de session\u00a0\u00bb. Ils sont automatiquement supprim\u00e9s \u00e0 la fin de votre visite. D&rsquo;autres cookies restent stock\u00e9s sur votre appareil jusqu&rsquo;\u00e0 ce que vous les supprimiez. Ces cookies nous permettent de reconna\u00eetre votre navigateur lors de votre prochaine visite sur notre site Web.<\/p>\n<p>Vous pouvez param\u00e9trer votre navigateur pour \u00eatre inform\u00e9 de la configuration des cookies et n&rsquo;autoriser les cookies que dans des cas individuels, exclure l&rsquo;acceptation des cookies dans certains cas ou de mani\u00e8re g\u00e9n\u00e9rale et activer la suppression automatique des cookies lors de la fermeture du navigateur. Lorsque les cookies sont d\u00e9sactiv\u00e9s, la fonctionnalit\u00e9 de ce site Web peut \u00eatre limit\u00e9e.<\/p>\n<h2>3. Fichiers journaux du serveur \/ donn\u00e9es d&rsquo;acc\u00e8s<\/h2>\n<p>Lorsque vous acc\u00e9dez \u00e0 notre site Web, votre navigateur Internet transmet automatiquement des donn\u00e9es pour des raisons techniques, qui sont \u00e0 leur tour automatiquement stock\u00e9es dans ce que l&rsquo;on appelle les fichiers journaux du serveur. Celles-ci le sont :<\/p>\n<ul>\n<li>Site(s) Web visit\u00e9(s) \/Nom(s) du fichier consult\u00e9<\/li>\n<li>type de navigateur et version du navigateur<\/li>\n<li>syst\u00e8me d&rsquo;exploitation utilis\u00e9<\/li>\n<li>Quantit\u00e9 de donn\u00e9es envoy\u00e9es en octets<\/li>\n<li>URL de r\u00e9f\u00e9rence (site Web \u00e0 partir duquel vous nous visitez)<\/li>\n<li>nom d&rsquo;h\u00f4te de l&rsquo;ordinateur acc\u00e9dant<\/li>\n<li>la date et l&rsquo;heure de la requ\u00eate du serveur<\/li>\n<li>les messages d&rsquo;erreur<\/li>\n<li>adresse IP<\/li>\n<\/ul>\n<p>Ces donn\u00e9es ne peuvent pas \u00eatre assign\u00e9es \u00e0 des personnes sp\u00e9cifiques et ne sont pas fusionn\u00e9es avec d&rsquo;autres sources de donn\u00e9es. Les donn\u00e9es non personnelles (anonymes) sont collect\u00e9es et utilis\u00e9es \u00e0 des fins internes et statistiques, ainsi que pour assurer la s\u00e9curit\u00e9 du syst\u00e8me.<\/p>\n<h2>4. Formulaire de contact et e-mails<\/h2>\n<p>Si vous contactez l&rsquo;exploitant du site Web par le biais des options de contact propos\u00e9es, vos coordonn\u00e9es seront stock\u00e9es afin qu&rsquo;elles puissent \u00eatre utilis\u00e9es pour traiter et r\u00e9pondre \u00e0 votre demande. Ces donn\u00e9es ne seront pas transmises \u00e0 des tiers sans votre consentement.<\/p>\n<p>Le traitement des donn\u00e9es saisies dans le formulaire de contact s&rsquo;effectue donc exclusivement sur la base de votre consentement. Vous pouvez r\u00e9voquer ce consentement \u00e0 tout moment. Tout ce que vous avez \u00e0 faire est de nous envoyer un e-mail informel. La l\u00e9galit\u00e9 des traitements de donn\u00e9es effectu\u00e9s jusqu&rsquo;\u00e0 la r\u00e9vocation n&rsquo;est pas affect\u00e9e par la r\u00e9vocation.<\/p>\n<p>Les donn\u00e9es que vous avez saisies dans le formulaire de contact resteront en notre possession jusqu&rsquo;\u00e0 ce que vous nous demandiez de les effacer, que votre consentement \u00e0 la conservation soit r\u00e9voqu\u00e9 ou que la finalit\u00e9 de la conservation des donn\u00e9es ne s&rsquo;applique plus (par exemple, apr\u00e8s le traitement de votre demande). Les dispositions l\u00e9gales obligatoires &#8211; en particulier les d\u00e9lais de conservation &#8211; ne sont pas affect\u00e9es.<\/p>\n<h2>5. Bulletin d&rsquo;information<\/h2>\n<p>Avec les informations suivantes, nous vous informons du contenu de notre newsletter ainsi que de la proc\u00e9dure d&rsquo;enregistrement, d&rsquo;envoi et d&rsquo;\u00e9valuation statistique et de vos droits d&rsquo;opposition. En vous abonnant \u00e0 notre lettre d&rsquo;information, vous acceptez la r\u00e9ception et les proc\u00e9dures d\u00e9crites.<\/p>\n<p>Contenu de la newsletter : Nous n&rsquo;envoyons des newsletters, e-mails et autres notifications \u00e9lectroniques contenant des informations publicitaires (ci-apr\u00e8s \u00ab\u00a0newsletters\u00a0\u00bb) qu&rsquo;avec le consentement des destinataires ou une autorisation l\u00e9gale. Si le contenu d&rsquo;un bulletin d&rsquo;information est express\u00e9ment d\u00e9crit dans le cadre d&rsquo;une inscription, il est d\u00e9cisif pour l&rsquo;accord des utilisateurs. De plus, nos bulletins d&rsquo;information contiennent des informations sur nos services et sur nous.<\/p>\n<p>Double opt-in et connexion : L&rsquo;inscription \u00e0 notre newsletter a lieu dans le cadre d&rsquo;une proc\u00e9dure dite double opt-in. Cela signifie qu&rsquo;apr\u00e8s l&rsquo;inscription, vous recevrez un e-mail vous demandant de confirmer votre inscription. Cette confirmation est n\u00e9cessaire pour que personne ne puisse se connecter avec d&rsquo;autres adresses e-mail. Les abonnements \u00e0 la newsletter sont enregistr\u00e9s afin de pouvoir prouver le processus d&rsquo;enregistrement conform\u00e9ment aux exigences l\u00e9gales. Cela inclut le stockage du temps de connexion et de confirmation, ainsi que l&rsquo;adresse IP. Les modifications apport\u00e9es \u00e0 vos donn\u00e9es stock\u00e9es chez le fournisseur de services d&rsquo;exp\u00e9dition sont \u00e9galement enregistr\u00e9es.<\/p>\n<p>Les lettres de cr\u00e9ance : Pour vous abonner \u00e0 notre lettre d&rsquo;information, nous avons besoin de votre adresse e-mail ainsi que de vos donn\u00e9es personnelles \u00e9tendues, afin de pouvoir vous contacter personnellement lors de l&rsquo;envoi ult\u00e9rieur de la lettre d&rsquo;information.<\/p>\n<p>L&rsquo;envoi de la newsletter et la mesure de la performance qui lui est associ\u00e9e est bas\u00e9e sur le consentement des destinataires et sur la base d&rsquo;une autorisation l\u00e9gale.<\/p>\n<p>La proc\u00e9dure d&rsquo;enregistrement est enregistr\u00e9e sur la base de nos int\u00e9r\u00eats l\u00e9gitimes. Nous sommes int\u00e9ress\u00e9s par l&rsquo;utilisation d&rsquo;un syst\u00e8me de newsletter convivial et s\u00e9curis\u00e9 qui sert nos int\u00e9r\u00eats commerciaux ainsi que les attentes des utilisateurs et nous permet \u00e9galement de fournir une preuve de consentement.<\/p>\n<p>Annulation\/r\u00e9vocation &#8211; Vous pouvez annuler la r\u00e9ception de notre newsletter \u00e0 tout moment, c&rsquo;est-\u00e0-dire r\u00e9voquer votre consentement. Vous trouverez un lien pour annuler la newsletter \u00e0 la fin de chaque newsletter. Nous pouvons conserver les adresses \u00e9lectroniques que nous avons d\u00e9sabonn\u00e9es pendant trois ans sur la base de nos int\u00e9r\u00eats l\u00e9gitimes avant de les supprimer dans le but d&rsquo;envoyer le bulletin d&rsquo;information afin de pouvoir prouver un consentement donn\u00e9 pr\u00e9c\u00e9demment. Le traitement de ces donn\u00e9es est limit\u00e9 \u00e0 la finalit\u00e9 d&rsquo;une \u00e9ventuelle d\u00e9fense contre les r\u00e9clamations. Une demande individuelle d&rsquo;annulation est possible \u00e0 tout moment, \u00e0 condition que l&rsquo;existence ant\u00e9rieure d&rsquo;un consentement soit confirm\u00e9e.<\/p>\n<h3>5.1 Bulletin d&rsquo;information &#8211; Exp\u00e9dition<\/h3>\n<p>La newsletter est envoy\u00e9e \u00e0 l&rsquo;aide du plugin WordPress Mailster: <a href=\"https:\/\/kb.mailster.co\/\" target=\"_blank\" rel=\"noopener\">https:\/\/kb.mailster.co\/<\/a><\/p>\n<p>Les adresses e-mail des destinataires de nos lettres d&rsquo;information, ainsi que leurs autres donn\u00e9es d\u00e9crites dans le cadre de ces notes, ne sont stock\u00e9es que sur notre propre ordinateur et chez notre h\u00e9bergeur.<\/p>\n<h3>5.2 Bulletin d&rsquo;information &#8211; Mesurer le succ\u00e8s<\/h3>\n<p>Les newsletters contiennent un \u00ab\u00a0web-beacon\u00a0\u00bb, c&rsquo;est-\u00e0-dire un fichier de la taille d&rsquo;un pixel qui est r\u00e9cup\u00e9r\u00e9 de notre serveur avec l&rsquo;aide de Google Analytics lors de l&rsquo;ouverture de la newsletter. Dans le cadre de cette r\u00e9cup\u00e9ration, des informations techniques, telles que des informations sur le navigateur et votre syst\u00e8me, ainsi que votre adresse IP et l&rsquo;heure de r\u00e9cup\u00e9ration sont initialement collect\u00e9es.<\/p>\n<p>Ces informations sont utilis\u00e9es pour am\u00e9liorer techniquement les services bas\u00e9s sur les donn\u00e9es techniques ou les groupes cibles et leur comportement de lecture en fonction de leur localisation (qui peut \u00eatre d\u00e9termin\u00e9e \u00e0 l&rsquo;aide de l&rsquo;adresse IP) ou des temps d&rsquo;acc\u00e8s. Les enqu\u00eates statistiques permettent \u00e9galement de d\u00e9terminer si les bulletins d&rsquo;information sont ouverts, quand ils sont ouverts et quels liens sont cliqu\u00e9s. Pour des raisons techniques, ces informations peuvent \u00eatre attribu\u00e9es aux destinataires individuels de la newsletter. Cependant, il n&rsquo;est pas dans notre intention, ni dans celle du fournisseur de services de transport maritime, d&rsquo;observer les utilisateurs individuels. Les \u00e9valuations nous servent beaucoup plus \u00e0 reconna\u00eetre les habitudes de lecture de nos utilisateurs et \u00e0 adapter nos contenus \u00e0 eux ou \u00e0 envoyer des contenus diff\u00e9rents selon les int\u00e9r\u00eats de nos utilisateurs.<\/p>\n<h2>6. Collecte et traitement des donn\u00e9es relatives au contenu<\/h2>\n<p>En remplissant des formulaires de contact, en vous inscrivant \u00e0 des lettres d&rsquo;information ou \u00e0 des \u00e9v\u00e9nements, vous nous fournissez des informations vous concernant, telles que votre nom, votre adresse, votre adresse \u00e9lectronique (\u00ab\u00a0donn\u00e9es relatives au contenu\u00a0\u00bb). En soumettant vos donn\u00e9es, vous acceptez que vos donn\u00e9es personnelles soient stock\u00e9es et trait\u00e9es dans le but indiqu\u00e9 dans l&rsquo;enqu\u00eate.<\/p>\n<h2>7. Traitement des commentaires et des contributions<\/h2>\n<p>Si vous laissez une contribution ou un commentaire sur ce site Web, votre adresse IP sera sauvegard\u00e9e. Cela sert la s\u00e9curit\u00e9 de l&rsquo;exploitant du site Web : si votre texte viole la loi, il veut pouvoir retracer votre identit\u00e9.<\/p>\n<h2>8. Utilisation de Google Maps<\/h2>\n<p>Notre site Web utilise l&rsquo;API Google Maps (Application Programming Interface) (Google Maps) pour la repr\u00e9sentation visuelle de l&rsquo;information g\u00e9ographique (cartes du site). Google Maps est exploit\u00e9 par Google Inc, 1600 Amphi-theatre Parkway, Mountain View, CA 94043, USA. En utilisant ce service Google Maps, vous consentez \u00e0 la collecte, au traitement et \u00e0 l&rsquo;utilisation des donn\u00e9es collect\u00e9es automatiquement lors de l&rsquo;utilisation de Google Maps, ainsi que des donn\u00e9es saisies par vous, par Google ou l&rsquo;un de ses repr\u00e9sentants ou fournisseurs tiers.<\/p>\n<p>En utilisant Google Maps, les informations relatives \u00e0 l&rsquo;utilisation de notre site Web, y compris votre adresse IP, sont transf\u00e9r\u00e9es \u00e0 un serveur de Google aux \u00c9tats-Unis et y sont stock\u00e9es. Le transfert de donn\u00e9es vers les \u00c9tats-Unis comporte des risques en mati\u00e8re de protection des donn\u00e9es. Il est possible de d\u00e9sactiver le service Google Maps et d&#8217;emp\u00eacher le transfert de donn\u00e9es \u00e0 Google si vous d\u00e9sactivez JavaScript dans votre navigateur. Cependant, nous aimerions souligner que dans ce cas, vous ne pourrez pas utiliser l&rsquo;affichage de la carte. Pour plus d&rsquo;informations sur la collecte, le traitement et l&rsquo;utilisation de vos donn\u00e9es par Google et vos droits \u00e0 cet \u00e9gard, veuillez vous r\u00e9f\u00e9rer \u00e0 la d\u00e9claration de protection des donn\u00e9es de Google \u00e0 l&rsquo;adresse <a href=\"http:\/\/www.google.com\/policies\/privacy\/?hl=fr\" target=\"_blank\" rel=\"noopener\">www.google.com\/policies\/privacy\/?hl=fr<\/a>, ainsi qu&rsquo;aux conditions d&rsquo;utilisation suppl\u00e9mentaires de Google Maps et Google Earth \u00e0 l&rsquo;adresse <a href=\"http:\/\/www.google.com\/intl\/de_fr\/help\/terms_maps.html\" target=\"_blank\" rel=\"noopener\">www.google.com\/intl\/de_fr\/help\/terms_maps.html<\/a><\/p>\n<h2>9. Utilisation de Google Analytics<\/h2>\n<p>Ce site web utilise les fonctions du service d&rsquo;analyse web Google Analytics. Le fournisseur est Google Inc, 1600 Amphith\u00e9\u00e2tre Parkway Parkway Mountain View, CA 94043, USA.<\/p>\n<p>Google Analytics utilise des \u00ab\u00a0cookies\u00a0\u00bb. Il s&rsquo;agit de fichiers texte qui sont stock\u00e9s sur votre ordinateur et qui permettent une analyse de votre utilisation du site Web. Les informations g\u00e9n\u00e9r\u00e9es par les cookies concernant votre utilisation de ce site Web sont g\u00e9n\u00e9ralement transf\u00e9r\u00e9es \u00e0 un serveur de Google aux \u00c9tats-Unis et y sont stock\u00e9es.<\/p>\n<h3>9.1 Anonymisation de la adresse IP<\/h3>\n<p>Nous avons activ\u00e9 la fonction d&rsquo;anonymisation de la propri\u00e9t\u00e9 intellectuelle sur ce site Web. Votre adresse IP sera supprim\u00e9e par Google dans les \u00c9tats membres de l&rsquo;Union europ\u00e9enne ou dans d&rsquo;autres pays parties \u00e0 l&rsquo;accord sur l&rsquo;Espace \u00e9conomique europ\u00e9en avant d&rsquo;\u00eatre transmise aux \u00c9tats-Unis. Ce n&rsquo;est que dans des cas exceptionnels que l&rsquo;adresse IP compl\u00e8te sera transmise \u00e0 un serveur Google aux Etats-Unis et y sera raccourcie. Au nom de l&rsquo;exploitant de ce site Web, Google utilisera ces informations pour \u00e9valuer votre utilisation du site Web, pour compiler des rapports sur l&rsquo;activit\u00e9 du site Web et pour fournir \u00e0 l&rsquo;exploitant du site Web d&rsquo;autres services li\u00e9s \u00e0 l&rsquo;utilisation du site Web et \u00e0 l&rsquo;utilisation d&rsquo;Internet. L&rsquo;adresse IP transmise par votre navigateur dans le cadre de Google Analytics n&rsquo;est pas fusionn\u00e9e avec d&rsquo;autres donn\u00e9es de Google.<\/p>\n<h2>9.2 Plugin Navigateur<\/h2>\n<p>Vous pouvez refuser l&rsquo;utilisation de cookies en s\u00e9lectionnant les param\u00e8tres appropri\u00e9s sur votre navigateur, mais veuillez noter que si vous le faites, il se peut que vous ne puissiez pas utiliser toutes les fonctionnalit\u00e9s de ce site Web. Vous pouvez \u00e9galement emp\u00eacher Google de collecter les donn\u00e9es g\u00e9n\u00e9r\u00e9es par le cookie et relatives \u00e0 votre utilisation du site Web (y compris votre adresse IP) et de traiter ces donn\u00e9es par Google en t\u00e9l\u00e9chargeant et en installant le plug-in de navigateur disponible sous le lien suivant : <a href=\"https:\/\/tools.google.com\/dlpage\/gaoptout?hl=fr\" target=\"_blank\" rel=\"noopener\">https:\/\/tools.google.com\/dlpage\/gaoptout?hl=fr<\/a><\/p>\n<p>Vous pouvez emp\u00eacher Google Analytics de collecter vos donn\u00e9es en cliquant sur le lien suivant. Un cookie d&rsquo;exclusion est mis en place pour emp\u00eacher la collecte de vos donn\u00e9es lorsque vous visitez ce site Web. Vous trouverez ici des instructions pour d\u00e9sactiver Google Analytics : https:\/\/tools.google.com\/dlpage\/gaoptout?hl=fr<\/p>\n<p>Vous trouverez ici de plus amples informations sur l&rsquo;utilisation des donn\u00e9es par Google Inc. <a href=\"https:\/\/support.google.com\/analytics\/answer\/6004245?hl=fr\" target=\"_blank\" rel=\"noopener\">https:\/\/support.google.com\/analytics\/answer\/6004245?hl=fr<\/a><\/p>\n<h2>10. Droit \u00e0 l&rsquo;information, \u00e0 l&rsquo;effacement, au blocage<\/h2>\n<p>Conform\u00e9ment \u00e0 la loi f\u00e9d\u00e9rale sur la protection des donn\u00e9es (LPD), vous avez le droit d&rsquo;obtenir gratuitement des informations sur vos donn\u00e9es enregistr\u00e9es (art. 8 LPD) et un droit de rectification (art. 5 al. 2 LPD). En outre, vous pouvez demander que vos donn\u00e9es soient effac\u00e9es si elles ne sont plus n\u00e9cessaires au traitement contractuel et si votre demande n&rsquo;entre pas en conflit avec une obligation l\u00e9gale de conservation des donn\u00e9es (par exemple, la conservation des donn\u00e9es).<\/p>\n<p>Pour toute question concernant l&rsquo;obtention et le traitement de vos donn\u00e9es personnelles et pour toute demande d&rsquo;informations et de corrections, veuillez utiliser les coordonn\u00e9es indiqu\u00e9es dans les mentions l\u00e9gales. Pour des raisons de s\u00e9curit\u00e9, les demandes d&rsquo;information ne seront accept\u00e9es par \u00e9crit que sur pr\u00e9sentation d&rsquo;une copie officielle d&rsquo;une pi\u00e8ce d&rsquo;identit\u00e9.<\/p>\n<h2>11. Courriers publicitaires contradictoires<\/h2>\n<p>Nous nous opposons par la pr\u00e9sente \u00e0 l&rsquo;utilisation des donn\u00e9es de contact publi\u00e9es dans le cadre de l&rsquo;obligation d&rsquo;imprimerie d&rsquo;envoyer du mat\u00e9riel publicitaire et d&rsquo;information non sollicit\u00e9. Les exploitants de ces pages se r\u00e9servent express\u00e9ment le droit d&rsquo;intenter une action en justice en cas d&rsquo;informations publicitaires non sollicit\u00e9es, telles que les spams.[\/vc_column_text][\/vc_column][\/vc_row][vc_row][vc_column][vc_separator color=\u00a0\u00bbcustom\u00a0\u00bb style=\u00a0\u00bbdotted\u00a0\u00bb accent_color=\u00a0\u00bb#4b90c8&Prime; css=\u00a0\u00bb.vc_custom_1464090485750{margin-top: 9px !important;margin-bottom: 50px !important;}\u00a0\u00bb][\/vc_column][\/vc_row]<\/p>\n<\/section>","protected":false},"excerpt":{"rendered":"<p>[vc_row][vc_column][vc_column_text] 1. Protection des donn\u00e9es Les op\u00e9rateurs de ces pages prennent tr\u00e8s au s\u00e9rieux la protection de vos donn\u00e9es personnelles. Nous recueillons et utilisons vos donn\u00e9es personnelles exclusivement dans le<\/p>\n","protected":false},"author":4,"featured_media":1540,"parent":0,"menu_order":2,"comment_status":"closed","ping_status":"closed","template":"","meta":{"_links_to":"","_links_to_target":""},"acf":[],"aioseo_notices":[],"_links":{"self":[{"href":"https:\/\/swistec.ch\/fr\/wp-json\/wp\/v2\/pages\/4199"}],"collection":[{"href":"https:\/\/swistec.ch\/fr\/wp-json\/wp\/v2\/pages"}],"about":[{"href":"https:\/\/swistec.ch\/fr\/wp-json\/wp\/v2\/types\/page"}],"author":[{"embeddable":true,"href":"https:\/\/swistec.ch\/fr\/wp-json\/wp\/v2\/users\/4"}],"replies":[{"embeddable":true,"href":"https:\/\/swistec.ch\/fr\/wp-json\/wp\/v2\/comments?post=4199"}],"version-history":[{"count":3,"href":"https:\/\/swistec.ch\/fr\/wp-json\/wp\/v2\/pages\/4199\/revisions"}],"predecessor-version":[{"id":4223,"href":"https:\/\/swistec.ch\/fr\/wp-json\/wp\/v2\/pages\/4199\/revisions\/4223"}],"wp:featuredmedia":[{"embeddable":true,"href":"https:\/\/swistec.ch\/fr\/wp-json\/wp\/v2\/media\/1540"}],"wp:attachment":[{"href":"https:\/\/swistec.ch\/fr\/wp-json\/wp\/v2\/media?parent=4199"}],"curies":[{"name":"wp","href":"https:\/\/api.w.org\/{rel}","templated":true}]}}